{"id":982,"date":"2018-03-15T22:06:39","date_gmt":"2018-03-16T02:06:39","guid":{"rendered":"http:\/\/davisdyslexia.commbits.net\/les-programmes-davis\/"},"modified":"2021-07-02T12:10:52","modified_gmt":"2021-07-02T16:10:52","slug":"les-programmes-davis","status":"publish","type":"page","link":"https:\/\/www.daviscanada.org\/fr\/les-programmes-davis\/","title":{"rendered":"Les Programmes Davis"},"content":{"rendered":"<p>[et_pb_section fb_built=\u00a0\u00bb1&Prime; prev_background_color=\u00a0\u00bb#ffffff\u00a0\u00bb _builder_version=\u00a0\u00bb3.22&Prime; background_color=\u00a0\u00bb#30ace5&Prime; custom_padding=\u00a0\u00bb147px|0px|112px|0px\u00a0\u00bb top_divider_style=\u00a0\u00bbwave2&Prime; top_divider_height=\u00a0\u00bb81px\u00a0\u00bb bottom_divider_height=\u00a0\u00bb89px\u00a0\u00bb][et_pb_row _builder_version=\u00a0\u00bb3.25&Prime; background_size=\u00a0\u00bbinitial\u00a0\u00bb background_position=\u00a0\u00bbtop_left\u00a0\u00bb background_repeat=\u00a0\u00bbrepeat\u00a0\u00bb][et_pb_column type=\u00a0\u00bb4_4&Prime; _builder_version=\u00a0\u00bb3.25&Prime; custom_padding=\u00a0\u00bb|||\u00a0\u00bb custom_padding__hover=\u00a0\u00bb|||\u00a0\u00bb][et_pb_text _builder_version=\u00a0\u00bb3.27.4&Prime; background_layout=\u00a0\u00bbdark\u00a0\u00bb animation_style=\u00a0\u00bbslide\u00a0\u00bb animation_direction=\u00a0\u00bbright\u00a0\u00bb animation_intensity_slide=\u00a0\u00bb2%\u00a0\u00bb]<\/p>\n<h1>Les Programmes Davis<\/h1>\n<p>La Correction de la Dyslexie Davis est le premier programme \u00e9labor\u00e9 par Ron Davis afin de corriger les troubles de l\u2019apprentissage de la lecture. Peu de temps apr\u00e8s, on d\u00e9couvrit que ses techniques pouvaient \u00eatre modifi\u00e9es de fa\u00e7on \u00e0 pouvoir \u00eatre aussi utilis\u00e9es pour corriger les troubles de l\u2019apprentissage des math\u00e9matiques et de l\u2019\u00e9criture, ainsi que le TDA\/H (trouble relatif au d\u00e9ficit de l\u2019attention avec ou sans hyperactivit\u00e9). Il existe maintenant un programme sp\u00e9cifique au milieu scolaire, destin\u00e9 \u00e0 emp\u00eacher que les troubles de l\u2019apprentissage et le TDA\/H ne deviennent un probl\u00e8me pour les jeunes \u00e9coliers.<\/p>\n<p>[\/et_pb_text][\/et_pb_column][\/et_pb_row][\/et_pb_section][et_pb_section fb_built=\u00a0\u00bb1&Prime; prev_background_color=\u00a0\u00bb#30ace5&Prime; _builder_version=\u00a0\u00bb3.22&Prime; background_color=\u00a0\u00bb#eaeaea\u00a0\u00bb custom_padding=\u00a0\u00bb124px|0px|54px|0px\u00a0\u00bb top_divider_style=\u00a0\u00bbwaves2&Prime; top_divider_height=\u00a0\u00bb63px\u00a0\u00bb top_divider_flip=\u00a0\u00bbhorizontal|vertical\u00a0\u00bb][et_pb_row _builder_version=\u00a0\u00bb3.25&Prime; background_size=\u00a0\u00bbinitial\u00a0\u00bb background_position=\u00a0\u00bbtop_left\u00a0\u00bb background_repeat=\u00a0\u00bbrepeat\u00a0\u00bb][et_pb_column type=\u00a0\u00bb4_4&Prime; _builder_version=\u00a0\u00bb3.25&Prime; custom_padding=\u00a0\u00bb|||\u00a0\u00bb custom_padding__hover=\u00a0\u00bb|||\u00a0\u00bb][et_pb_text _builder_version=\u00a0\u00bb3.27.4&Prime; text_font_size=\u00a0\u00bb27px\u00a0\u00bb text_line_height=\u00a0\u00bb1.4em\u00a0\u00bb header_2_line_height=\u00a0\u00bb1.7em\u00a0\u00bb text_orientation=\u00a0\u00bbcenter\u00a0\u00bb animation_style=\u00a0\u00bbfade\u00a0\u00bb]<\/p>\n<h2>Tous les programmes Davis sont fond\u00e9s sur une m\u00eame th\u00e9orie qui traite de la cause profonde des troubles de l\u2019apprentissage et du TDA\/H. Les programmes sont les suivants.<\/p>\n<\/h2>\n<p>[\/et_pb_text][\/et_pb_column][\/et_pb_row][\/et_pb_section][et_pb_section fb_built=\u00a0\u00bb1&Prime; _builder_version=\u00a0\u00bb3.22&Prime; use_background_color_gradient=\u00a0\u00bbon\u00a0\u00bb background_color_gradient_start=\u00a0\u00bbrgba(32,111,183,0.34)\u00a0\u00bb background_color_gradient_end=\u00a0\u00bb#206fb7&Prime; background_color_gradient_direction=\u00a0\u00bb1deg\u00a0\u00bb][et_pb_row column_structure=\u00a0\u00bb1_3,2_3&Prime; admin_label=\u00a0\u00bbRow\u00a0\u00bb _builder_version=\u00a0\u00bb3.25&Prime;][et_pb_column type=\u00a0\u00bb1_3&Prime; _builder_version=\u00a0\u00bb3.25&Prime; background_color=\u00a0\u00bb#ffffff\u00a0\u00bb custom_padding=\u00a0\u00bb50px|40px|50px|40px\u00a0\u00bb custom_css_main_element=\u00a0\u00bbbox-shadow: 0px 1px 18px rgba(23, 23, 23, 0.17);|| -moz-box-shadow: 0px 1px 18px rgba(23, 23, 23, 0.17);|| -webkit-box-shadow: 0px 1px 18px rgba(23, 23, 23, 0.17);\u00a0\u00bb custom_padding__hover=\u00a0\u00bb|||\u00a0\u00bb][et_pb_blurb use_icon=\u00a0\u00bbon\u00a0\u00bb font_icon=\u00a0\u00bb%%153%%\u00a0\u00bb icon_color=\u00a0\u00bb#75a800&Prime; use_icon_font_size=\u00a0\u00bbon\u00a0\u00bb icon_font_size=\u00a0\u00bb35px\u00a0\u00bb admin_label=\u00a0\u00bbBlurb\u00a0\u00bb _builder_version=\u00a0\u00bb3.0.106&Prime; body_font_size=\u00a0\u00bb16&Prime; body_font_size_tablet=\u00a0\u00bb\u00a0\u00bb body_font_size_phone=\u00a0\u00bb14&Prime; body_font_size_last_edited=\u00a0\u00bbon|phone\u00a0\u00bb]<\/p>\n<p>Vos questions et vos demandes sont les bienvenues. S\u2019il-vous-pla\u00eet, contactez-nous au\u00a0<a href=\"mailto:info@daviscanada.org\">info@daviscanada.org<\/a>.<\/p>\n<p>[\/et_pb_blurb][\/et_pb_column][et_pb_column type=\u00a0\u00bb2_3&Prime; _builder_version=\u00a0\u00bb3.25&Prime; background_color=\u00a0\u00bb#ffffff\u00a0\u00bb custom_padding=\u00a0\u00bb50px|40px|50px|40px\u00a0\u00bb custom_css_main_element=\u00a0\u00bbbox-shadow: 0px 1px 18px rgba(23, 23, 23, 0.17);|| -moz-box-shadow: 0px 1px 18px rgba(23, 23, 23, 0.17);|| -webkit-box-shadow: 0px 1px 18px rgba(23, 23, 23, 0.17);\u00a0\u00bb custom_padding__hover=\u00a0\u00bb|||\u00a0\u00bb][et_pb_contact_form email=\u00a0\u00bbinfo@dyslexiaontario.com\u00a0\u00bb title=\u00a0\u00bbComment joindre la DDAFAC\u00a0\u00bb custom_message=\u00a0\u00bbName: %%Name%%||et_pb_line_break_holder||Email: %%Email%%||et_pb_line_break_holder||||et_pb_line_break_holder||Message: %%Message%%\u00a0\u00bb submit_button_text=\u00a0\u00bbEnvoyer\u00a0\u00bb module_id=\u00a0\u00bbet_pb_contact_form_1&Prime; _builder_version=\u00a0\u00bb3.23&Prime; form_field_background_color=\u00a0\u00bbrgba(255,255,255,0)\u00a0\u00bb form_field_text_color=\u00a0\u00bbrgba(0,0,0,0.49)\u00a0\u00bb title_font=\u00a0\u00bb|||on|||||\u00a0\u00bb form_field_font_size=\u00a0\u00bb16px\u00a0\u00bb custom_button=\u00a0\u00bbon\u00a0\u00bb button_text_size=\u00a0\u00bb16px\u00a0\u00bb button_text_color=\u00a0\u00bb#ffffff\u00a0\u00bb button_bg_color=\u00a0\u00bb#75a800&Prime; button_border_color=\u00a0\u00bb#75a800&Prime; button_border_radius=\u00a0\u00bb0px\u00a0\u00bb button_letter_spacing=\u00a0\u00bb2px\u00a0\u00bb button_font=\u00a0\u00bb|600||on|||||\u00a0\u00bb button_use_icon=\u00a0\u00bboff\u00a0\u00bb animation_style=\u00a0\u00bbfold\u00a0\u00bb animation_direction=\u00a0\u00bbbottom\u00a0\u00bb animation_intensity_fold=\u00a0\u00bb20%\u00a0\u00bb border_width_all=\u00a0\u00bb1px\u00a0\u00bb border_color_all=\u00a0\u00bbrgba(0,0,0,0.12)\u00a0\u00bb use_border_color=\u00a0\u00bbon\u00a0\u00bb form_background_color=\u00a0\u00bbrgba(255,255,255,0)\u00a0\u00bb button_text_color_hover=\u00a0\u00bb#6eba01&Prime; button_bg_color_hover=\u00a0\u00bbrgba(0,0,0,0)\u00a0\u00bb button_border_color_hover=\u00a0\u00bb#6eba01&Prime; button_border_radius_hover=\u00a0\u00bb0px\u00a0\u00bb button_letter_spacing_hover=\u00a0\u00bb2px\u00a0\u00bb][et_pb_contact_field field_id=\u00a0\u00bbName\u00a0\u00bb field_title=\u00a0\u00bb Nom\u00a0\u00bb fullwidth_field=\u00a0\u00bbon\u00a0\u00bb _builder_version=\u00a0\u00bb3.16&Prime; button_text_size__hover_enabled=\u00a0\u00bboff\u00a0\u00bb button_one_text_size__hover_enabled=\u00a0\u00bboff\u00a0\u00bb button_two_text_size__hover_enabled=\u00a0\u00bboff\u00a0\u00bb button_text_color__hover_enabled=\u00a0\u00bboff\u00a0\u00bb button_one_text_color__hover_enabled=\u00a0\u00bboff\u00a0\u00bb button_two_text_color__hover_enabled=\u00a0\u00bboff\u00a0\u00bb button_border_width__hover_enabled=\u00a0\u00bboff\u00a0\u00bb button_one_border_width__hover_enabled=\u00a0\u00bboff\u00a0\u00bb button_two_border_width__hover_enabled=\u00a0\u00bboff\u00a0\u00bb button_border_color__hover_enabled=\u00a0\u00bboff\u00a0\u00bb button_one_border_color__hover_enabled=\u00a0\u00bboff\u00a0\u00bb button_two_border_color__hover_enabled=\u00a0\u00bboff\u00a0\u00bb button_border_radius__hover_enabled=\u00a0\u00bboff\u00a0\u00bb button_one_border_radius__hover_enabled=\u00a0\u00bboff\u00a0\u00bb button_two_border_radius__hover_enabled=\u00a0\u00bboff\u00a0\u00bb button_letter_spacing__hover_enabled=\u00a0\u00bboff\u00a0\u00bb button_one_letter_spacing__hover_enabled=\u00a0\u00bboff\u00a0\u00bb button_two_letter_spacing__hover_enabled=\u00a0\u00bboff\u00a0\u00bb button_bg_color__hover_enabled=\u00a0\u00bboff\u00a0\u00bb button_one_bg_color__hover_enabled=\u00a0\u00bboff\u00a0\u00bb button_two_bg_color__hover_enabled=\u00a0\u00bboff\u00a0\u00bb][\/et_pb_contact_field][et_pb_contact_field field_id=\u00a0\u00bbEmail\u00a0\u00bb field_title=\u00a0\u00bbCourriel\u00a0\u00bb field_type=\u00a0\u00bbemail\u00a0\u00bb fullwidth_field=\u00a0\u00bbon\u00a0\u00bb _builder_version=\u00a0\u00bb3.16&Prime; button_text_size__hover_enabled=\u00a0\u00bboff\u00a0\u00bb button_one_text_size__hover_enabled=\u00a0\u00bboff\u00a0\u00bb button_two_text_size__hover_enabled=\u00a0\u00bboff\u00a0\u00bb button_text_color__hover_enabled=\u00a0\u00bboff\u00a0\u00bb button_one_text_color__hover_enabled=\u00a0\u00bboff\u00a0\u00bb button_two_text_color__hover_enabled=\u00a0\u00bboff\u00a0\u00bb button_border_width__hover_enabled=\u00a0\u00bboff\u00a0\u00bb button_one_border_width__hover_enabled=\u00a0\u00bboff\u00a0\u00bb button_two_border_width__hover_enabled=\u00a0\u00bboff\u00a0\u00bb button_border_color__hover_enabled=\u00a0\u00bboff\u00a0\u00bb button_one_border_color__hover_enabled=\u00a0\u00bboff\u00a0\u00bb button_two_border_color__hover_enabled=\u00a0\u00bboff\u00a0\u00bb button_border_radius__hover_enabled=\u00a0\u00bboff\u00a0\u00bb button_one_border_radius__hover_enabled=\u00a0\u00bboff\u00a0\u00bb button_two_border_radius__hover_enabled=\u00a0\u00bboff\u00a0\u00bb button_letter_spacing__hover_enabled=\u00a0\u00bboff\u00a0\u00bb button_one_letter_spacing__hover_enabled=\u00a0\u00bboff\u00a0\u00bb button_two_letter_spacing__hover_enabled=\u00a0\u00bboff\u00a0\u00bb button_bg_color__hover_enabled=\u00a0\u00bboff\u00a0\u00bb button_one_bg_color__hover_enabled=\u00a0\u00bboff\u00a0\u00bb button_two_bg_color__hover_enabled=\u00a0\u00bboff\u00a0\u00bb][\/et_pb_contact_field][et_pb_contact_field field_id=\u00a0\u00bbMessage\u00a0\u00bb field_title=\u00a0\u00bbMessage\u00a0\u00bb field_type=\u00a0\u00bbtext\u00a0\u00bb fullwidth_field=\u00a0\u00bbon\u00a0\u00bb _builder_version=\u00a0\u00bb3.16&Prime; button_text_size__hover_enabled=\u00a0\u00bboff\u00a0\u00bb button_one_text_size__hover_enabled=\u00a0\u00bboff\u00a0\u00bb button_two_text_size__hover_enabled=\u00a0\u00bboff\u00a0\u00bb button_text_color__hover_enabled=\u00a0\u00bboff\u00a0\u00bb button_one_text_color__hover_enabled=\u00a0\u00bboff\u00a0\u00bb button_two_text_color__hover_enabled=\u00a0\u00bboff\u00a0\u00bb button_border_width__hover_enabled=\u00a0\u00bboff\u00a0\u00bb button_one_border_width__hover_enabled=\u00a0\u00bboff\u00a0\u00bb button_two_border_width__hover_enabled=\u00a0\u00bboff\u00a0\u00bb button_border_color__hover_enabled=\u00a0\u00bboff\u00a0\u00bb button_one_border_color__hover_enabled=\u00a0\u00bboff\u00a0\u00bb button_two_border_color__hover_enabled=\u00a0\u00bboff\u00a0\u00bb button_border_radius__hover_enabled=\u00a0\u00bboff\u00a0\u00bb button_one_border_radius__hover_enabled=\u00a0\u00bboff\u00a0\u00bb button_two_border_radius__hover_enabled=\u00a0\u00bboff\u00a0\u00bb button_letter_spacing__hover_enabled=\u00a0\u00bboff\u00a0\u00bb button_one_letter_spacing__hover_enabled=\u00a0\u00bboff\u00a0\u00bb button_two_letter_spacing__hover_enabled=\u00a0\u00bboff\u00a0\u00bb button_bg_color__hover_enabled=\u00a0\u00bboff\u00a0\u00bb button_one_bg_color__hover_enabled=\u00a0\u00bboff\u00a0\u00bb button_two_bg_color__hover_enabled=\u00a0\u00bboff\u00a0\u00bb][\/et_pb_contact_field][\/et_pb_contact_form][\/et_pb_column][\/et_pb_row][\/et_pb_section]<\/p>\n","protected":false},"excerpt":{"rendered":"<p>Les Programmes Davis La Correction de la Dyslexie Davis est le premier programme \u00e9labor\u00e9 par Ron Davis afin de corriger les troubles de l\u2019apprentissage de la lecture. Peu de temps apr\u00e8s, on d\u00e9couvrit que ses techniques pouvaient \u00eatre modifi\u00e9es de fa\u00e7on \u00e0 pouvoir \u00eatre aussi utilis\u00e9es pour corriger les troubles de l\u2019apprentissage des math\u00e9matiques et [&hellip;]<\/p>\n","protected":false},"author":1,"featured_media":0,"parent":0,"menu_order":0,"comment_status":"closed","ping_status":"closed","template":"","meta":{"_et_pb_use_builder":"on","_et_pb_old_content":"","_et_gb_content_width":"","footnotes":""},"class_list":["post-982","page","type-page","status-publish","hentry"],"yoast_head":"<!-- This site is optimized with the Yoast SEO plugin v26.3 - https:\/\/yoast.com\/wordpress\/plugins\/seo\/ -->\n<title>Les Programmes Davis - Davis Dyslexia Canada<\/title>\n<meta name=\"robots\" content=\"index, follow, max-snippet:-1, max-image-preview:large, max-video-preview:-1\" \/>\n<link rel=\"canonical\" href=\"https:\/\/www.daviscanada.org\/fr\/les-programmes-davis\/\" \/>\n<meta property=\"og:locale\" content=\"fr_FR\" \/>\n<meta property=\"og:type\" content=\"article\" \/>\n<meta property=\"og:title\" content=\"Les Programmes Davis - Davis Dyslexia Canada\" \/>\n<meta property=\"og:description\" content=\"Les Programmes Davis La Correction de la Dyslexie Davis est le premier programme \u00e9labor\u00e9 par Ron Davis afin de corriger les troubles de l\u2019apprentissage de la lecture. Peu de temps apr\u00e8s, on d\u00e9couvrit que ses techniques pouvaient \u00eatre modifi\u00e9es de fa\u00e7on \u00e0 pouvoir \u00eatre aussi utilis\u00e9es pour corriger les troubles de l\u2019apprentissage des math\u00e9matiques et [&hellip;]\" \/>\n<meta property=\"og:url\" content=\"https:\/\/www.daviscanada.org\/fr\/les-programmes-davis\/\" \/>\n<meta property=\"og:site_name\" content=\"Davis Dyslexia Canada\" \/>\n<meta property=\"article:publisher\" content=\"https:\/\/www.facebook.com\/DDFAC\" \/>\n<meta property=\"article:modified_time\" content=\"2021-07-02T16:10:52+00:00\" \/>\n<meta name=\"twitter:card\" content=\"summary_large_image\" \/>\n<meta name=\"twitter:site\" content=\"@DDFAC\" \/>\n<meta name=\"twitter:label1\" content=\"Dur\u00e9e de lecture estim\u00e9e\" \/>\n\t<meta name=\"twitter:data1\" content=\"6 minutes\" \/>\n<script type=\"application\/ld+json\" class=\"yoast-schema-graph\">{\"@context\":\"https:\/\/schema.org\",\"@graph\":[{\"@type\":\"WebPage\",\"@id\":\"https:\/\/www.daviscanada.org\/fr\/les-programmes-davis\/\",\"url\":\"https:\/\/www.daviscanada.org\/fr\/les-programmes-davis\/\",\"name\":\"Les Programmes Davis - Davis Dyslexia Canada\",\"isPartOf\":{\"@id\":\"https:\/\/www.daviscanada.org\/#website\"},\"datePublished\":\"2018-03-16T02:06:39+00:00\",\"dateModified\":\"2021-07-02T16:10:52+00:00\",\"breadcrumb\":{\"@id\":\"https:\/\/www.daviscanada.org\/fr\/les-programmes-davis\/#breadcrumb\"},\"inLanguage\":\"fr-FR\",\"potentialAction\":[{\"@type\":\"ReadAction\",\"target\":[\"https:\/\/www.daviscanada.org\/fr\/les-programmes-davis\/\"]}]},{\"@type\":\"BreadcrumbList\",\"@id\":\"https:\/\/www.daviscanada.org\/fr\/les-programmes-davis\/#breadcrumb\",\"itemListElement\":[{\"@type\":\"ListItem\",\"position\":1,\"name\":\"Home\",\"item\":\"https:\/\/www.daviscanada.org\/fr\/homenew\/\"},{\"@type\":\"ListItem\",\"position\":2,\"name\":\"Les Programmes Davis\"}]},{\"@type\":\"WebSite\",\"@id\":\"https:\/\/www.daviscanada.org\/#website\",\"url\":\"https:\/\/www.daviscanada.org\/\",\"name\":\"Davis Dyslexia Canada\",\"description\":\"Dyslexia, ADD, ADHD Learning Disabilities can be corrected\",\"publisher\":{\"@id\":\"https:\/\/www.daviscanada.org\/#organization\"},\"potentialAction\":[{\"@type\":\"SearchAction\",\"target\":{\"@type\":\"EntryPoint\",\"urlTemplate\":\"https:\/\/www.daviscanada.org\/?s={search_term_string}\"},\"query-input\":{\"@type\":\"PropertyValueSpecification\",\"valueRequired\":true,\"valueName\":\"search_term_string\"}}],\"inLanguage\":\"fr-FR\"},{\"@type\":\"Organization\",\"@id\":\"https:\/\/www.daviscanada.org\/#organization\",\"name\":\"Davis Dyslexia and Autism Facilitators' Association of Canada\",\"url\":\"https:\/\/www.daviscanada.org\/\",\"logo\":{\"@type\":\"ImageObject\",\"inLanguage\":\"fr-FR\",\"@id\":\"https:\/\/www.daviscanada.org\/#\/schema\/logo\/image\/\",\"url\":\"https:\/\/www.daviscanada.org\/wp-content\/uploads\/2018\/03\/LogoNew5.png\",\"contentUrl\":\"https:\/\/www.daviscanada.org\/wp-content\/uploads\/2018\/03\/LogoNew5.png\",\"width\":278,\"height\":201,\"caption\":\"Davis Dyslexia and Autism Facilitators' Association of Canada\"},\"image\":{\"@id\":\"https:\/\/www.daviscanada.org\/#\/schema\/logo\/image\/\"},\"sameAs\":[\"https:\/\/www.facebook.com\/DDFAC\",\"https:\/\/x.com\/DDFAC\"]}]}<\/script>\n<!-- \/ Yoast SEO plugin. -->","yoast_head_json":{"title":"Les Programmes Davis - Davis Dyslexia Canada","robots":{"index":"index","follow":"follow","max-snippet":"max-snippet:-1","max-image-preview":"max-image-preview:large","max-video-preview":"max-video-preview:-1"},"canonical":"https:\/\/www.daviscanada.org\/fr\/les-programmes-davis\/","og_locale":"fr_FR","og_type":"article","og_title":"Les Programmes Davis - Davis Dyslexia Canada","og_description":"Les Programmes Davis La Correction de la Dyslexie Davis est le premier programme \u00e9labor\u00e9 par Ron Davis afin de corriger les troubles de l\u2019apprentissage de la lecture. Peu de temps apr\u00e8s, on d\u00e9couvrit que ses techniques pouvaient \u00eatre modifi\u00e9es de fa\u00e7on \u00e0 pouvoir \u00eatre aussi utilis\u00e9es pour corriger les troubles de l\u2019apprentissage des math\u00e9matiques et [&hellip;]","og_url":"https:\/\/www.daviscanada.org\/fr\/les-programmes-davis\/","og_site_name":"Davis Dyslexia Canada","article_publisher":"https:\/\/www.facebook.com\/DDFAC","article_modified_time":"2021-07-02T16:10:52+00:00","twitter_card":"summary_large_image","twitter_site":"@DDFAC","twitter_misc":{"Dur\u00e9e de lecture estim\u00e9e":"6 minutes"},"schema":{"@context":"https:\/\/schema.org","@graph":[{"@type":"WebPage","@id":"https:\/\/www.daviscanada.org\/fr\/les-programmes-davis\/","url":"https:\/\/www.daviscanada.org\/fr\/les-programmes-davis\/","name":"Les Programmes Davis - Davis Dyslexia Canada","isPartOf":{"@id":"https:\/\/www.daviscanada.org\/#website"},"datePublished":"2018-03-16T02:06:39+00:00","dateModified":"2021-07-02T16:10:52+00:00","breadcrumb":{"@id":"https:\/\/www.daviscanada.org\/fr\/les-programmes-davis\/#breadcrumb"},"inLanguage":"fr-FR","potentialAction":[{"@type":"ReadAction","target":["https:\/\/www.daviscanada.org\/fr\/les-programmes-davis\/"]}]},{"@type":"BreadcrumbList","@id":"https:\/\/www.daviscanada.org\/fr\/les-programmes-davis\/#breadcrumb","itemListElement":[{"@type":"ListItem","position":1,"name":"Home","item":"https:\/\/www.daviscanada.org\/fr\/homenew\/"},{"@type":"ListItem","position":2,"name":"Les Programmes Davis"}]},{"@type":"WebSite","@id":"https:\/\/www.daviscanada.org\/#website","url":"https:\/\/www.daviscanada.org\/","name":"Davis Dyslexia Canada","description":"Dyslexia, ADD, ADHD Learning Disabilities can be corrected","publisher":{"@id":"https:\/\/www.daviscanada.org\/#organization"},"potentialAction":[{"@type":"SearchAction","target":{"@type":"EntryPoint","urlTemplate":"https:\/\/www.daviscanada.org\/?s={search_term_string}"},"query-input":{"@type":"PropertyValueSpecification","valueRequired":true,"valueName":"search_term_string"}}],"inLanguage":"fr-FR"},{"@type":"Organization","@id":"https:\/\/www.daviscanada.org\/#organization","name":"Davis Dyslexia and Autism Facilitators' Association of Canada","url":"https:\/\/www.daviscanada.org\/","logo":{"@type":"ImageObject","inLanguage":"fr-FR","@id":"https:\/\/www.daviscanada.org\/#\/schema\/logo\/image\/","url":"https:\/\/www.daviscanada.org\/wp-content\/uploads\/2018\/03\/LogoNew5.png","contentUrl":"https:\/\/www.daviscanada.org\/wp-content\/uploads\/2018\/03\/LogoNew5.png","width":278,"height":201,"caption":"Davis Dyslexia and Autism Facilitators' Association of Canada"},"image":{"@id":"https:\/\/www.daviscanada.org\/#\/schema\/logo\/image\/"},"sameAs":["https:\/\/www.facebook.com\/DDFAC","https:\/\/x.com\/DDFAC"]}]}},"_links":{"self":[{"href":"https:\/\/www.daviscanada.org\/fr\/wp-json\/wp\/v2\/pages\/982\/"}],"collection":[{"href":"https:\/\/www.daviscanada.org\/fr\/wp-json\/wp\/v2\/pages\/"}],"about":[{"href":"https:\/\/www.daviscanada.org\/fr\/wp-json\/wp\/v2\/types\/page\/"}],"author":[{"embeddable":true,"href":"https:\/\/www.daviscanada.org\/fr\/wp-json\/wp\/v2\/users\/1\/"}],"replies":[{"embeddable":true,"href":"https:\/\/www.daviscanada.org\/fr\/wp-json\/wp\/v2\/comments\/?post=982"}],"version-history":[{"count":0,"href":"https:\/\/www.daviscanada.org\/fr\/wp-json\/wp\/v2\/pages\/982\/revisions\/"}],"wp:attachment":[{"href":"https:\/\/www.daviscanada.org\/fr\/wp-json\/wp\/v2\/media\/?parent=982"}],"curies":[{"name":"wp","href":"https:\/\/api.w.org\/{rel}","templated":true}]}}