{"id":1136,"date":"2018-03-16T01:51:13","date_gmt":"2018-03-16T05:51:13","guid":{"rendered":"http:\/\/davisdyslexia.commbits.net\/les-praticiens-davis-au-canada\/ddafac-members-british-columbia\/"},"modified":"2022-01-20T17:34:53","modified_gmt":"2022-01-20T22:34:53","slug":"british-columbia","status":"publish","type":"page","link":"https:\/\/www.daviscanada.org\/fr\/les-praticiens-davis-au-canada\/british-columbia\/","title":{"rendered":"DDFAC Members Colombie-Britannique"},"content":{"rendered":"<p>[et_pb_section fb_built=\u00a0\u00bb1&Prime; prev_background_color=\u00a0\u00bb#ffffff\u00a0\u00bb next_background_color=\u00a0\u00bb#eaeaea\u00a0\u00bb _builder_version=\u00a0\u00bb3.22&Prime; background_color=\u00a0\u00bb#30ace5&Prime; custom_padding=\u00a0\u00bb115px|0px|120px|0px\u00a0\u00bb top_divider_style=\u00a0\u00bbwave2&Prime; top_divider_height=\u00a0\u00bb81px\u00a0\u00bb bottom_divider_style=\u00a0\u00bbwave2&Prime; bottom_divider_height=\u00a0\u00bb89px\u00a0\u00bb global_colors_info=\u00a0\u00bb{}\u00a0\u00bb][et_pb_row _builder_version=\u00a0\u00bb3.25&Prime; background_size=\u00a0\u00bbinitial\u00a0\u00bb background_position=\u00a0\u00bbtop_left\u00a0\u00bb background_repeat=\u00a0\u00bbrepeat\u00a0\u00bb global_colors_info=\u00a0\u00bb{}\u00a0\u00bb][et_pb_column type=\u00a0\u00bb4_4&Prime; _builder_version=\u00a0\u00bb3.25&Prime; custom_padding=\u00a0\u00bb|||\u00a0\u00bb global_colors_info=\u00a0\u00bb{}\u00a0\u00bb custom_padding__hover=\u00a0\u00bb|||\u00a0\u00bb][et_pb_text _builder_version=\u00a0\u00bb4.9.10&Prime; background_layout=\u00a0\u00bbdark\u00a0\u00bb animation_style=\u00a0\u00bbslide\u00a0\u00bb animation_direction=\u00a0\u00bbright\u00a0\u00bb animation_intensity_slide=\u00a0\u00bb2%\u00a0\u00bb global_colors_info=\u00a0\u00bb{}\u00a0\u00bb]<\/p>\n<h1>DDAFAC Members Colombie-Britannique<\/h1>\n<h3><em>Les praticiens licenci\u00e9s de la Correction de la Dyslexie Davis\u00ae<\/em><\/h3>\n<p><span class=\"Y2IQFc\" lang=\"fr\">Pour une liste compl\u00e8te de tous les facilitateurs actuellement agr\u00e9\u00e9s au Canada, voir <span style=\"color: #ffffff;\"><a style=\"color: #ffffff;\" href=\"http:\/\/www.davismethod.org\/loc\/canada\/\">www.davismethod.org\/loc\/canada\/<\/a><\/span><\/span><\/p>\n<p>[\/et_pb_text][et_pb_blurb title=\u00a0\u00bbPeut se d\u00e9placer pour dispenser le programme\u00a0\u00bb image=\u00a0\u00bbhttps:\/\/www.daviscanada.org\/wp-content\/uploads\/2018\/03\/travel2.png\u00a0\u00bb icon_placement=\u00a0\u00bbleft\u00a0\u00bb content_max_width=\u00a0\u00bb100%\u00a0\u00bb _builder_version=\u00a0\u00bb4.13.0&Prime; header_font=\u00a0\u00bbSource Sans Pro||||||||\u00a0\u00bb header_font_size=\u00a0\u00bb17px\u00a0\u00bb background_layout=\u00a0\u00bbdark\u00a0\u00bb module_alignment=\u00a0\u00bbleft\u00a0\u00bb global_colors_info=\u00a0\u00bb{}\u00a0\u00bb]&nbsp;<br \/>\n[\/et_pb_blurb][\/et_pb_column][\/et_pb_row][\/et_pb_section][et_pb_section fb_built=\u00a0\u00bb1&Prime; _builder_version=\u00a0\u00bb3.22&Prime; background_color=\u00a0\u00bb#eaeaea\u00a0\u00bb global_colors_info=\u00a0\u00bb{}\u00a0\u00bb][et_pb_row column_structure=\u00a0\u00bb1_2,1_2&Prime; use_custom_gutter=\u00a0\u00bbon\u00a0\u00bb gutter_width=\u00a0\u00bb2&Prime; make_equal=\u00a0\u00bbon\u00a0\u00bb module_class=\u00a0\u00bb et_pb_row_fullwidth\u00a0\u00bb _builder_version=\u00a0\u00bb3.25&Prime; background_size=\u00a0\u00bbinitial\u00a0\u00bb background_position=\u00a0\u00bbtop_left\u00a0\u00bb background_repeat=\u00a0\u00bbrepeat\u00a0\u00bb width=\u00a0\u00bb94%\u00a0\u00bb width_tablet=\u00a0\u00bb80%\u00a0\u00bb width_phone=\u00a0\u00bb\u00a0\u00bb width_last_edited=\u00a0\u00bbon|desktop\u00a0\u00bb max_width=\u00a0\u00bb94%\u00a0\u00bb max_width_tablet=\u00a0\u00bb80%\u00a0\u00bb max_width_phone=\u00a0\u00bb\u00a0\u00bb max_width_last_edited=\u00a0\u00bbon|desktop\u00a0\u00bb custom_margin=\u00a0\u00bb|||\u00a0\u00bb animation_style=\u00a0\u00bbslide\u00a0\u00bb animation_direction=\u00a0\u00bbbottom\u00a0\u00bb animation_intensity_slide=\u00a0\u00bb5%\u00a0\u00bb make_fullwidth=\u00a0\u00bbon\u00a0\u00bb global_colors_info=\u00a0\u00bb{}\u00a0\u00bb][et_pb_column type=\u00a0\u00bb1_2&Prime; _builder_version=\u00a0\u00bb3.25&Prime; background_color=\u00a0\u00bb#ffffff\u00a0\u00bb custom_padding=\u00a0\u00bb20px|20px|20px|16px\u00a0\u00bb custom_css_main_element=\u00a0\u00bbbox-shadow: 0px 14px 60px -6px rgba(23, 23, 23, 0.20);|| -moz-box-shadow: 0px 14px 60px -6px rgba(23, 23, 23, 0.20);|| -webkit-box-shadow: 0px 14px 60px -6px rgba(23, 23, 23, 0.20);||\/*border: 0px rgba(185,185,185,0.62) solid;*\/\u00a0\u00bb global_colors_info=\u00a0\u00bb{}\u00a0\u00bb custom_padding__hover=\u00a0\u00bb|||\u00a0\u00bb][\/et_pb_column][et_pb_column type=\u00a0\u00bb1_2&Prime; _builder_version=\u00a0\u00bb3.25&Prime; background_color=\u00a0\u00bb#ffffff\u00a0\u00bb custom_padding=\u00a0\u00bb20px|20px|20px|16px\u00a0\u00bb custom_css_main_element=\u00a0\u00bbbox-shadow: 0px 14px 60px -6px rgba(23, 23, 23, 0.20);|| -moz-box-shadow: 0px 14px 60px -6px rgba(23, 23, 23, 0.20);|| -webkit-box-shadow: 0px 14px 60px -6px rgba(23, 23, 23, 0.20);\u00a0\u00bb global_colors_info=\u00a0\u00bb{}\u00a0\u00bb custom_padding__hover=\u00a0\u00bb|||\u00a0\u00bb][et_pb_blurb title=\u00a0\u00bbClarity &#8211; Dyslexia Solutions Vancouver\u00a0\u00bb image=\u00a0\u00bbhttps:\/\/www.daviscanada.org\/wp-content\/uploads\/2018\/03\/travel2.png\u00a0\u00bb icon_placement=\u00a0\u00bbleft\u00a0\u00bb image_icon_width=\u00a0\u00bb25px\u00a0\u00bb admin_label=\u00a0\u00bbCala Dyck\u00a0\u00bb _builder_version=\u00a0\u00bb4.14.6&Prime; header_font=\u00a0\u00bb|600|||||||\u00a0\u00bb hover_enabled=\u00a0\u00bb0&Prime; icon_font_size=\u00a0\u00bb25px\u00a0\u00bb global_colors_info=\u00a0\u00bb{}\u00a0\u00bb sticky_enabled=\u00a0\u00bb0&Prime;]<\/p>\n<h4>Cala Dyck<\/h4>\n<p><em>Praticienne<br \/><a href=\"mailto:dyslexicsolution@gmail.com\">dyslexicsolution@gmail.com<\/a><br \/><a href=\"mailto:cala@claritydyslexiasolutions.com\">cala@claritydyslexiasolutions.com<\/a><br \/><\/em><\/p>\n<p><a href=\"http:\/\/www.claritydyslexiasolutions.com\">www.claritydyslexiasolutions.com<\/a><\/p>\n<p>E 42nd Ave.,<br \/>Vancouver, British Columbia<br \/>V5R 2Y5<br \/>Phone:\u00a0 604-368-7235<\/p>\n<p>Licenci\u00e9e de la DDAI depuis le 10\/11\/21<br \/>Enregistrement #36203<br \/>Langues parl\u00e9es: Anglais, Fran\u00e7ais, Italien, Chinois (Mandarin)<\/p>\n<p>&nbsp;<\/p>\n<p>&nbsp;<\/p>\n<p>[\/et_pb_blurb][\/et_pb_column][\/et_pb_row][\/et_pb_section]<\/p>\n","protected":false},"excerpt":{"rendered":"<p>DDAFAC Members Colombie-Britannique Les praticiens licenci\u00e9s de la Correction de la Dyslexie Davis\u00ae Pour une liste compl\u00e8te de tous les facilitateurs actuellement agr\u00e9\u00e9s au Canada, voir www.davismethod.org\/loc\/canada\/&nbsp; Cala Dyck Praticiennedyslexicsolution@gmail.comcala@claritydyslexiasolutions.com www.claritydyslexiasolutions.com E 42nd Ave.,Vancouver, British ColumbiaV5R 2Y5Phone:\u00a0 604-368-7235 Licenci\u00e9e de la DDAI depuis le 10\/11\/21Enregistrement #36203Langues parl\u00e9es: Anglais, Fran\u00e7ais, Italien, Chinois (Mandarin) &nbsp; &nbsp;<\/p>\n","protected":false},"author":1,"featured_media":0,"parent":1069,"menu_order":0,"comment_status":"closed","ping_status":"closed","template":"","meta":{"_et_pb_use_builder":"on","_et_pb_old_content":"","_et_gb_content_width":"","footnotes":""},"class_list":["post-1136","page","type-page","status-publish","hentry"],"yoast_head":"<!-- This site is optimized with the Yoast SEO plugin v26.3 - https:\/\/yoast.com\/wordpress\/plugins\/seo\/ -->\n<title>DDFAC Members Colombie-Britannique - Davis Dyslexia Canada<\/title>\n<meta name=\"robots\" content=\"index, follow, max-snippet:-1, max-image-preview:large, max-video-preview:-1\" \/>\n<link rel=\"canonical\" href=\"https:\/\/www.daviscanada.org\/fr\/les-praticiens-davis-au-canada\/british-columbia\/\" \/>\n<meta property=\"og:locale\" content=\"fr_FR\" \/>\n<meta property=\"og:type\" content=\"article\" \/>\n<meta property=\"og:title\" content=\"DDFAC Members Colombie-Britannique - Davis Dyslexia Canada\" \/>\n<meta property=\"og:description\" content=\"DDAFAC Members Colombie-Britannique Les praticiens licenci\u00e9s de la Correction de la Dyslexie Davis\u00ae Pour une liste compl\u00e8te de tous les facilitateurs actuellement agr\u00e9\u00e9s au Canada, voir www.davismethod.org\/loc\/canada\/&nbsp; Cala Dyck Praticiennedyslexicsolution@gmail.comcala@claritydyslexiasolutions.com www.claritydyslexiasolutions.com E 42nd Ave.,Vancouver, British ColumbiaV5R 2Y5Phone:\u00a0 604-368-7235 Licenci\u00e9e de la DDAI depuis le 10\/11\/21Enregistrement #36203Langues parl\u00e9es: Anglais, Fran\u00e7ais, Italien, Chinois (Mandarin) &nbsp; &nbsp;\" \/>\n<meta property=\"og:url\" content=\"https:\/\/www.daviscanada.org\/fr\/les-praticiens-davis-au-canada\/british-columbia\/\" \/>\n<meta property=\"og:site_name\" content=\"Davis Dyslexia Canada\" \/>\n<meta property=\"article:publisher\" content=\"https:\/\/www.facebook.com\/DDFAC\" \/>\n<meta property=\"article:modified_time\" content=\"2022-01-20T22:34:53+00:00\" \/>\n<meta name=\"twitter:card\" content=\"summary_large_image\" \/>\n<meta name=\"twitter:site\" content=\"@DDFAC\" \/>\n<meta name=\"twitter:label1\" content=\"Dur\u00e9e de lecture estim\u00e9e\" \/>\n\t<meta name=\"twitter:data1\" content=\"2 minutes\" \/>\n<script type=\"application\/ld+json\" class=\"yoast-schema-graph\">{\"@context\":\"https:\/\/schema.org\",\"@graph\":[{\"@type\":\"WebPage\",\"@id\":\"https:\/\/www.daviscanada.org\/fr\/les-praticiens-davis-au-canada\/british-columbia\/\",\"url\":\"https:\/\/www.daviscanada.org\/fr\/les-praticiens-davis-au-canada\/british-columbia\/\",\"name\":\"DDFAC Members Colombie-Britannique - Davis Dyslexia Canada\",\"isPartOf\":{\"@id\":\"https:\/\/www.daviscanada.org\/#website\"},\"datePublished\":\"2018-03-16T05:51:13+00:00\",\"dateModified\":\"2022-01-20T22:34:53+00:00\",\"breadcrumb\":{\"@id\":\"https:\/\/www.daviscanada.org\/fr\/les-praticiens-davis-au-canada\/british-columbia\/#breadcrumb\"},\"inLanguage\":\"fr-FR\",\"potentialAction\":[{\"@type\":\"ReadAction\",\"target\":[\"https:\/\/www.daviscanada.org\/fr\/les-praticiens-davis-au-canada\/british-columbia\/\"]}]},{\"@type\":\"BreadcrumbList\",\"@id\":\"https:\/\/www.daviscanada.org\/fr\/les-praticiens-davis-au-canada\/british-columbia\/#breadcrumb\",\"itemListElement\":[{\"@type\":\"ListItem\",\"position\":1,\"name\":\"Home\",\"item\":\"https:\/\/www.daviscanada.org\/fr\/homenew\/\"},{\"@type\":\"ListItem\",\"position\":2,\"name\":\"Les praticiens Davis au Canada\",\"item\":\"https:\/\/www.daviscanada.org\/fr\/les-praticiens-davis-au-canada\/\"},{\"@type\":\"ListItem\",\"position\":3,\"name\":\"DDFAC Members Colombie-Britannique\"}]},{\"@type\":\"WebSite\",\"@id\":\"https:\/\/www.daviscanada.org\/#website\",\"url\":\"https:\/\/www.daviscanada.org\/\",\"name\":\"Davis Dyslexia Canada\",\"description\":\"Dyslexia, ADD, ADHD Learning Disabilities can be corrected\",\"publisher\":{\"@id\":\"https:\/\/www.daviscanada.org\/#organization\"},\"potentialAction\":[{\"@type\":\"SearchAction\",\"target\":{\"@type\":\"EntryPoint\",\"urlTemplate\":\"https:\/\/www.daviscanada.org\/?s={search_term_string}\"},\"query-input\":{\"@type\":\"PropertyValueSpecification\",\"valueRequired\":true,\"valueName\":\"search_term_string\"}}],\"inLanguage\":\"fr-FR\"},{\"@type\":\"Organization\",\"@id\":\"https:\/\/www.daviscanada.org\/#organization\",\"name\":\"Davis Dyslexia and Autism Facilitators' Association of Canada\",\"url\":\"https:\/\/www.daviscanada.org\/\",\"logo\":{\"@type\":\"ImageObject\",\"inLanguage\":\"fr-FR\",\"@id\":\"https:\/\/www.daviscanada.org\/#\/schema\/logo\/image\/\",\"url\":\"https:\/\/www.daviscanada.org\/wp-content\/uploads\/2018\/03\/LogoNew5.png\",\"contentUrl\":\"https:\/\/www.daviscanada.org\/wp-content\/uploads\/2018\/03\/LogoNew5.png\",\"width\":278,\"height\":201,\"caption\":\"Davis Dyslexia and Autism Facilitators' Association of Canada\"},\"image\":{\"@id\":\"https:\/\/www.daviscanada.org\/#\/schema\/logo\/image\/\"},\"sameAs\":[\"https:\/\/www.facebook.com\/DDFAC\",\"https:\/\/x.com\/DDFAC\"]}]}<\/script>\n<!-- \/ Yoast SEO plugin. -->","yoast_head_json":{"title":"DDFAC Members Colombie-Britannique - Davis Dyslexia Canada","robots":{"index":"index","follow":"follow","max-snippet":"max-snippet:-1","max-image-preview":"max-image-preview:large","max-video-preview":"max-video-preview:-1"},"canonical":"https:\/\/www.daviscanada.org\/fr\/les-praticiens-davis-au-canada\/british-columbia\/","og_locale":"fr_FR","og_type":"article","og_title":"DDFAC Members Colombie-Britannique - Davis Dyslexia Canada","og_description":"DDAFAC Members Colombie-Britannique Les praticiens licenci\u00e9s de la Correction de la Dyslexie Davis\u00ae Pour une liste compl\u00e8te de tous les facilitateurs actuellement agr\u00e9\u00e9s au Canada, voir www.davismethod.org\/loc\/canada\/&nbsp; Cala Dyck Praticiennedyslexicsolution@gmail.comcala@claritydyslexiasolutions.com www.claritydyslexiasolutions.com E 42nd Ave.,Vancouver, British ColumbiaV5R 2Y5Phone:\u00a0 604-368-7235 Licenci\u00e9e de la DDAI depuis le 10\/11\/21Enregistrement #36203Langues parl\u00e9es: Anglais, Fran\u00e7ais, Italien, Chinois (Mandarin) &nbsp; &nbsp;","og_url":"https:\/\/www.daviscanada.org\/fr\/les-praticiens-davis-au-canada\/british-columbia\/","og_site_name":"Davis Dyslexia Canada","article_publisher":"https:\/\/www.facebook.com\/DDFAC","article_modified_time":"2022-01-20T22:34:53+00:00","twitter_card":"summary_large_image","twitter_site":"@DDFAC","twitter_misc":{"Dur\u00e9e de lecture estim\u00e9e":"2 minutes"},"schema":{"@context":"https:\/\/schema.org","@graph":[{"@type":"WebPage","@id":"https:\/\/www.daviscanada.org\/fr\/les-praticiens-davis-au-canada\/british-columbia\/","url":"https:\/\/www.daviscanada.org\/fr\/les-praticiens-davis-au-canada\/british-columbia\/","name":"DDFAC Members Colombie-Britannique - Davis Dyslexia Canada","isPartOf":{"@id":"https:\/\/www.daviscanada.org\/#website"},"datePublished":"2018-03-16T05:51:13+00:00","dateModified":"2022-01-20T22:34:53+00:00","breadcrumb":{"@id":"https:\/\/www.daviscanada.org\/fr\/les-praticiens-davis-au-canada\/british-columbia\/#breadcrumb"},"inLanguage":"fr-FR","potentialAction":[{"@type":"ReadAction","target":["https:\/\/www.daviscanada.org\/fr\/les-praticiens-davis-au-canada\/british-columbia\/"]}]},{"@type":"BreadcrumbList","@id":"https:\/\/www.daviscanada.org\/fr\/les-praticiens-davis-au-canada\/british-columbia\/#breadcrumb","itemListElement":[{"@type":"ListItem","position":1,"name":"Home","item":"https:\/\/www.daviscanada.org\/fr\/homenew\/"},{"@type":"ListItem","position":2,"name":"Les praticiens Davis au Canada","item":"https:\/\/www.daviscanada.org\/fr\/les-praticiens-davis-au-canada\/"},{"@type":"ListItem","position":3,"name":"DDFAC Members Colombie-Britannique"}]},{"@type":"WebSite","@id":"https:\/\/www.daviscanada.org\/#website","url":"https:\/\/www.daviscanada.org\/","name":"Davis Dyslexia Canada","description":"Dyslexia, ADD, ADHD Learning Disabilities can be corrected","publisher":{"@id":"https:\/\/www.daviscanada.org\/#organization"},"potentialAction":[{"@type":"SearchAction","target":{"@type":"EntryPoint","urlTemplate":"https:\/\/www.daviscanada.org\/?s={search_term_string}"},"query-input":{"@type":"PropertyValueSpecification","valueRequired":true,"valueName":"search_term_string"}}],"inLanguage":"fr-FR"},{"@type":"Organization","@id":"https:\/\/www.daviscanada.org\/#organization","name":"Davis Dyslexia and Autism Facilitators' Association of Canada","url":"https:\/\/www.daviscanada.org\/","logo":{"@type":"ImageObject","inLanguage":"fr-FR","@id":"https:\/\/www.daviscanada.org\/#\/schema\/logo\/image\/","url":"https:\/\/www.daviscanada.org\/wp-content\/uploads\/2018\/03\/LogoNew5.png","contentUrl":"https:\/\/www.daviscanada.org\/wp-content\/uploads\/2018\/03\/LogoNew5.png","width":278,"height":201,"caption":"Davis Dyslexia and Autism Facilitators' Association of Canada"},"image":{"@id":"https:\/\/www.daviscanada.org\/#\/schema\/logo\/image\/"},"sameAs":["https:\/\/www.facebook.com\/DDFAC","https:\/\/x.com\/DDFAC"]}]}},"_links":{"self":[{"href":"https:\/\/www.daviscanada.org\/fr\/wp-json\/wp\/v2\/pages\/1136\/"}],"collection":[{"href":"https:\/\/www.daviscanada.org\/fr\/wp-json\/wp\/v2\/pages\/"}],"about":[{"href":"https:\/\/www.daviscanada.org\/fr\/wp-json\/wp\/v2\/types\/page\/"}],"author":[{"embeddable":true,"href":"https:\/\/www.daviscanada.org\/fr\/wp-json\/wp\/v2\/users\/1\/"}],"replies":[{"embeddable":true,"href":"https:\/\/www.daviscanada.org\/fr\/wp-json\/wp\/v2\/comments\/?post=1136"}],"version-history":[{"count":0,"href":"https:\/\/www.daviscanada.org\/fr\/wp-json\/wp\/v2\/pages\/1136\/revisions\/"}],"up":[{"embeddable":true,"href":"https:\/\/www.daviscanada.org\/fr\/wp-json\/wp\/v2\/pages\/1069\/"}],"wp:attachment":[{"href":"https:\/\/www.daviscanada.org\/fr\/wp-json\/wp\/v2\/media\/?parent=1136"}],"curies":[{"name":"wp","href":"https:\/\/api.w.org\/{rel}","templated":true}]}}