{"id":1135,"date":"2018-03-13T23:06:09","date_gmt":"2018-03-14T03:06:09","guid":{"rendered":"http:\/\/davisdyslexia.commbits.net\/davis-workshop-canada\/"},"modified":"2021-07-02T12:42:24","modified_gmt":"2021-07-02T16:42:24","slug":"davistraining-info","status":"publish","type":"page","link":"https:\/\/www.daviscanada.org\/fr\/davistraining-info\/","title":{"rendered":"Formation de facilitateur Davis Canada"},"content":{"rendered":"<p>[et_pb_section fb_built=\u00a0\u00bb1&Prime; prev_background_color=\u00a0\u00bb#ffffff\u00a0\u00bb next_background_color=\u00a0\u00bb#ffffff\u00a0\u00bb _builder_version=\u00a0\u00bb3.22.3&Prime; background_color=\u00a0\u00bb#30ace5&Prime; custom_padding=\u00a0\u00bb147px|0px|100px|0px\u00a0\u00bb top_divider_style=\u00a0\u00bbwave2&Prime; top_divider_height=\u00a0\u00bb81px\u00a0\u00bb bottom_divider_style=\u00a0\u00bbwave2&Prime; bottom_divider_height=\u00a0\u00bb89px\u00a0\u00bb collapsed=\u00a0\u00bboff\u00a0\u00bb][et_pb_row _builder_version=\u00a0\u00bb4.4.1&Prime; background_size=\u00a0\u00bbinitial\u00a0\u00bb background_position=\u00a0\u00bbtop_left\u00a0\u00bb background_repeat=\u00a0\u00bbrepeat\u00a0\u00bb collapsed=\u00a0\u00bboff\u00a0\u00bb][et_pb_column type=\u00a0\u00bb4_4&Prime; _builder_version=\u00a0\u00bb3.25&Prime; custom_padding=\u00a0\u00bb|||\u00a0\u00bb custom_padding__hover=\u00a0\u00bb|||\u00a0\u00bb][et_pb_text _builder_version=\u00a0\u00bb4.9.7&Prime; text_font=\u00a0\u00bb|600|||||||\u00a0\u00bb text_font_size=\u00a0\u00bb28px\u00a0\u00bb text_letter_spacing=\u00a0\u00bb0.02em\u00a0\u00bb text_line_height=\u00a0\u00bb1.4em\u00a0\u00bb header_font=\u00a0\u00bb||||||||\u00a0\u00bb header_font_size=\u00a0\u00bb39px\u00a0\u00bb header_4_font=\u00a0\u00bb||on||||||\u00a0\u00bb header_4_font_size=\u00a0\u00bb29px\u00a0\u00bb header_4_line_height=\u00a0\u00bb1.6em\u00a0\u00bb text_orientation=\u00a0\u00bbcenter\u00a0\u00bb background_layout=\u00a0\u00bbdark\u00a0\u00bb animation_style=\u00a0\u00bbslide\u00a0\u00bb animation_direction=\u00a0\u00bbright\u00a0\u00bb animation_intensity_slide=\u00a0\u00bb2%\u00a0\u00bb hover_enabled=\u00a0\u00bb0&Prime; sticky_enabled=\u00a0\u00bb0&Prime;]<\/p>\n<h1>Formation d&rsquo;animateur Davis\u00ae\u200b<\/h1>\n<p>Sur notre site international, <span style=\"color: #ffffff;\"><a style=\"color: #ffffff;\" href=\"https:\/\/www.davistraining.info\/\">https:\/\/www.davistraining.info\/<\/a> <\/span>fournira des informations pour une formation de qualit\u00e9 professionnelle sur les m\u00e9thodes d\u00e9velopp\u00e9es par Ronald D. Davis \u00e0 tous les adultes int\u00e9ress\u00e9s, y compris les praticiens de la dyslexie, les enseignants, les parents scolaris\u00e9s \u00e0 domicile et les autres personnes int\u00e9ress\u00e9es par l&rsquo;apprentissage. comment utiliser et appliquer notre approche d&rsquo;apprentissage innovante et efficace.<\/p>\n<p>Notre formation comprend un programme ax\u00e9 sur la carri\u00e8re menant \u00e0 une licence en tant que facilitateur de correction de la dyslexie Davis\u00ae. La formation est disponible dans le monde entier via notre r\u00e9seau de filiales internationales. Un cr\u00e9dit universitaire ou CEU peut \u00eatre disponible en fonction du cours et de l&#8217;emplacement sp\u00e9cifiques.<\/p>\n<p>Strat\u00e9gies d&rsquo;apprentissage Davis\u00ae<\/p>\n<p>Cet atelier de 2 jours offre aux enseignants du primaire (K-Gr.3) des strat\u00e9gies uniques et innovantes pour am\u00e9liorer l&rsquo;enseignement de la lecture et la gestion de la classe. Il donne aux jeunes apprenants des comp\u00e9tences \u00e9prouv\u00e9es tout au long de la vie sur \u00ab comment apprendre \u00bb.<\/p>\n<p>Les Davis Learning Strategies\u00ae ont \u00e9t\u00e9 con\u00e7ues en 1993 et \u200b\u200bd\u00e9velopp\u00e9es par Ronald D. Davis et Sharon Pfeiffer (\u00e9ducatrice). Dans une \u00e9tude pilote publi\u00e9e en 2001, il a \u00e9t\u00e9 d\u00e9montr\u00e9 que ces m\u00e9thodes \u00e9liminent le besoin de placement en \u00e9ducation sp\u00e9cialis\u00e9e pour les \u00e9l\u00e8ves \u00e0 risque. Les lecteurs forts ont acquis de meilleures comp\u00e9tences linguistiques et grammaticales, et les \u00e9l\u00e8ves plus faibles ont appris \u00e0 lire sans effort. Le placement des \u00e9l\u00e8ves surdou\u00e9s dans les classes pilotes a \u00e9galement largement d\u00e9pass\u00e9 les moyennes nationales. Le DLS a un impact positif au-del\u00e0 de la lecture, car il permet aux enfants de devenir des apprenants autonomes. Avantage pour les \u00e9tudiants : \u2022 Les comp\u00e9tences de concentration Davis sont un ensemble innovant de comp\u00e9tences d&rsquo;autor\u00e9gulation. Ces outils simples offrent aux \u00e9tudiants la capacit\u00e9 de se concentrer sur la t\u00e2che d&rsquo;apprentissage \u00e0 accomplir. \u2022 Davis Symbol Mastery permet aux \u00e9l\u00e8ves de ma\u00eetriser l&rsquo;alphabet, les signes de ponctuation et les mots visuels de base avec une alternative simple, facile et amusante aux activit\u00e9s sur papier crayon. \u2022 Les exercices de lecture Davis am\u00e9liorent les comp\u00e9tences en reconnaissance et compr\u00e9hension des mots. Ils peuvent \u00eatre utilis\u00e9s seuls ou en compl\u00e9ment d&rsquo;autres programmes de lecture. B\u00e9n\u00e9fice pour l&rsquo;enseignant : \u2022 Atteindre tous les \u00e9l\u00e8ves, quel que soit leur style d&rsquo;apprentissage ; \u2022 D\u00e9velopper un vocabulaire visuel, une compr\u00e9hension et d&rsquo;autres comp\u00e9tences de lecture efficaces ; \u2022 G\u00e9rer la classe plus efficacement; \u2022 Disposer de m\u00e9thodes faciles \u00e0 mettre en \u0153uvre et flexibles ; \u2022 R\u00e9pondre aux besoins d&rsquo;intervention pr\u00e9coce qui emp\u00eachent l&rsquo;apparition d&rsquo;un trouble d&rsquo;apprentissage sp\u00e9cifique. (informations concernant DLS trouv\u00e9es sur <span style=\"color: #ffffff;\"><a style=\"color: #ffffff;\" href=\"http:\/\/www.davislearn.com\">http:\/\/www.davislearn.com<\/a>)<\/span> Le but de l&rsquo;unit\u00e9 NOIT\u2122 est d&rsquo;aider un individu \u00e0 apprendre comment \u00eatre dans un \u00e9tat d&rsquo;orientation avec les sens travaillant en harmonie.<\/p>\n<p>[\/et_pb_text][\/et_pb_column][\/et_pb_row][\/et_pb_section][et_pb_section fb_built=\u00a0\u00bb1&Prime; _builder_version=\u00a0\u00bb3.22.3&Prime; collapsed=\u00a0\u00bboff\u00a0\u00bb][et_pb_row column_structure=\u00a0\u00bb2_3,1_3&Prime; _builder_version=\u00a0\u00bb3.25&Prime; background_size=\u00a0\u00bbinitial\u00a0\u00bb background_position=\u00a0\u00bbtop_left\u00a0\u00bb background_repeat=\u00a0\u00bbrepeat\u00a0\u00bb][et_pb_column type=\u00a0\u00bb2_3&Prime; _builder_version=\u00a0\u00bb3.25&Prime; custom_padding=\u00a0\u00bb|||\u00a0\u00bb custom_padding__hover=\u00a0\u00bb|||\u00a0\u00bb][et_pb_text _builder_version=\u00a0\u00bb4.9.7&Prime;]<\/p>\n<p>Si vous \u00eates int\u00e9ress\u00e9 veuillez contacter:<\/p>\n<p><strong>Davis Dyslexia Association Internationale<br \/><\/strong>Phone: \u00a0<strong>1-888-805-7216\u00a0<\/strong><br \/>Email: \u00a0<a href=\"https:\/\/www.davistraining.info\/contact-us\/\">https:\/\/www.davistraining.info\/contact-us<\/a><\/p>\n<p>&nbsp;<\/p>\n<p>[\/et_pb_text][\/et_pb_column][et_pb_column type=\u00a0\u00bb1_3&Prime; _builder_version=\u00a0\u00bb3.25&Prime; custom_padding=\u00a0\u00bb|||\u00a0\u00bb custom_padding__hover=\u00a0\u00bb|||\u00a0\u00bb][et_pb_image src=\u00a0\u00bbhttps:\/\/www.daviscanada.org\/wp-content\/uploads\/2018\/03\/girls01.jpg\u00a0\u00bb align_tablet=\u00a0\u00bbcenter\u00a0\u00bb align_phone=\u00a0\u00bb\u00a0\u00bb align_last_edited=\u00a0\u00bbon|desktop\u00a0\u00bb _builder_version=\u00a0\u00bb4.7.4&Prime; animation_style=\u00a0\u00bbslide\u00a0\u00bb animation_direction=\u00a0\u00bbright\u00a0\u00bb animation_intensity_slide=\u00a0\u00bb2%\u00a0\u00bb border_color_all=\u00a0\u00bbrgba(51,51,51,0.48)\u00a0\u00bb box_shadow_style=\u00a0\u00bbpreset3&Prime; box_shadow_vertical=\u00a0\u00bb15px\u00a0\u00bb box_shadow_blur=\u00a0\u00bb80px\u00a0\u00bb box_shadow_color=\u00a0\u00bbrgba(0,0,0,0.33)\u00a0\u00bb][\/et_pb_image][\/et_pb_column][\/et_pb_row][\/et_pb_section][et_pb_section fb_built=\u00a0\u00bb1&Prime; prev_background_color=\u00a0\u00bb#ffffff\u00a0\u00bb _builder_version=\u00a0\u00bb3.22.3&Prime; background_color=\u00a0\u00bb#eaeaea\u00a0\u00bb custom_padding=\u00a0\u00bb124px|0px|54px|0px\u00a0\u00bb top_divider_style=\u00a0\u00bbwaves2&Prime; top_divider_height=\u00a0\u00bb63px\u00a0\u00bb top_divider_flip=\u00a0\u00bbhorizontal|vertical\u00a0\u00bb collapsed=\u00a0\u00bboff\u00a0\u00bb][et_pb_row _builder_version=\u00a0\u00bb3.25&Prime; background_size=\u00a0\u00bbinitial\u00a0\u00bb background_position=\u00a0\u00bbtop_left\u00a0\u00bb background_repeat=\u00a0\u00bbrepeat\u00a0\u00bb][et_pb_column type=\u00a0\u00bb4_4&Prime; _builder_version=\u00a0\u00bb3.25&Prime; custom_padding=\u00a0\u00bb|||\u00a0\u00bb custom_padding__hover=\u00a0\u00bb|||\u00a0\u00bb][et_pb_text _builder_version=\u00a0\u00bb4.9.2&Prime; text_font=\u00a0\u00bb||||||||\u00a0\u00bb text_font_size=\u00a0\u00bb27px\u00a0\u00bb text_line_height=\u00a0\u00bb1.4em\u00a0\u00bb header_font=\u00a0\u00bb||||||||\u00a0\u00bb header_2_font=\u00a0\u00bb||||||||\u00a0\u00bb header_2_line_height=\u00a0\u00bb1.7em\u00a0\u00bb text_orientation=\u00a0\u00bbcenter\u00a0\u00bb animation_style=\u00a0\u00bbfade\u00a0\u00bb][\/et_pb_text][\/et_pb_column][\/et_pb_row][\/et_pb_section]<\/p>\n","protected":false},"excerpt":{"rendered":"<p>Formation d&rsquo;animateur Davis\u00ae\u200b Sur notre site international, https:\/\/www.davistraining.info\/ fournira des informations pour une formation de qualit\u00e9 professionnelle sur les m\u00e9thodes d\u00e9velopp\u00e9es par Ronald D. Davis \u00e0 tous les adultes int\u00e9ress\u00e9s, y compris les praticiens de la dyslexie, les enseignants, les parents scolaris\u00e9s \u00e0 domicile et les autres personnes int\u00e9ress\u00e9es par l&rsquo;apprentissage. comment utiliser et appliquer [&hellip;]<\/p>\n","protected":false},"author":1,"featured_media":0,"parent":0,"menu_order":0,"comment_status":"closed","ping_status":"closed","template":"","meta":{"_et_pb_use_builder":"on","_et_pb_old_content":"","_et_gb_content_width":"","footnotes":""},"class_list":["post-1135","page","type-page","status-publish","hentry"],"yoast_head":"<!-- This site is optimized with the Yoast SEO plugin v26.3 - https:\/\/yoast.com\/wordpress\/plugins\/seo\/ -->\n<title>Formation de facilitateur Davis Canada - Davis Dyslexia Canada<\/title>\n<meta name=\"robots\" content=\"index, follow, max-snippet:-1, max-image-preview:large, max-video-preview:-1\" \/>\n<link rel=\"canonical\" href=\"https:\/\/www.daviscanada.org\/fr\/davistraining-info\/\" \/>\n<meta property=\"og:locale\" content=\"fr_FR\" \/>\n<meta property=\"og:type\" content=\"article\" \/>\n<meta property=\"og:title\" content=\"Formation de facilitateur Davis Canada - Davis Dyslexia Canada\" \/>\n<meta property=\"og:description\" content=\"Formation d&#039;animateur Davis\u00ae\u200b Sur notre site international, https:\/\/www.davistraining.info\/ fournira des informations pour une formation de qualit\u00e9 professionnelle sur les m\u00e9thodes d\u00e9velopp\u00e9es par Ronald D. Davis \u00e0 tous les adultes int\u00e9ress\u00e9s, y compris les praticiens de la dyslexie, les enseignants, les parents scolaris\u00e9s \u00e0 domicile et les autres personnes int\u00e9ress\u00e9es par l&#039;apprentissage. comment utiliser et appliquer [&hellip;]\" \/>\n<meta property=\"og:url\" content=\"https:\/\/www.daviscanada.org\/fr\/davistraining-info\/\" \/>\n<meta property=\"og:site_name\" content=\"Davis Dyslexia Canada\" \/>\n<meta property=\"article:publisher\" content=\"https:\/\/www.facebook.com\/DDFAC\" \/>\n<meta property=\"article:modified_time\" content=\"2021-07-02T16:42:24+00:00\" \/>\n<meta name=\"twitter:card\" content=\"summary_large_image\" \/>\n<meta name=\"twitter:site\" content=\"@DDFAC\" \/>\n<meta name=\"twitter:label1\" content=\"Dur\u00e9e de lecture estim\u00e9e\" \/>\n\t<meta name=\"twitter:data1\" content=\"4 minutes\" \/>\n<script type=\"application\/ld+json\" class=\"yoast-schema-graph\">{\"@context\":\"https:\/\/schema.org\",\"@graph\":[{\"@type\":\"WebPage\",\"@id\":\"https:\/\/www.daviscanada.org\/fr\/davistraining-info\/\",\"url\":\"https:\/\/www.daviscanada.org\/fr\/davistraining-info\/\",\"name\":\"Formation de facilitateur Davis Canada - Davis Dyslexia Canada\",\"isPartOf\":{\"@id\":\"https:\/\/www.daviscanada.org\/#website\"},\"datePublished\":\"2018-03-14T03:06:09+00:00\",\"dateModified\":\"2021-07-02T16:42:24+00:00\",\"breadcrumb\":{\"@id\":\"https:\/\/www.daviscanada.org\/fr\/davistraining-info\/#breadcrumb\"},\"inLanguage\":\"fr-FR\",\"potentialAction\":[{\"@type\":\"ReadAction\",\"target\":[\"https:\/\/www.daviscanada.org\/fr\/davistraining-info\/\"]}]},{\"@type\":\"BreadcrumbList\",\"@id\":\"https:\/\/www.daviscanada.org\/fr\/davistraining-info\/#breadcrumb\",\"itemListElement\":[{\"@type\":\"ListItem\",\"position\":1,\"name\":\"Home\",\"item\":\"https:\/\/www.daviscanada.org\/fr\/homenew\/\"},{\"@type\":\"ListItem\",\"position\":2,\"name\":\"Formation de facilitateur Davis Canada\"}]},{\"@type\":\"WebSite\",\"@id\":\"https:\/\/www.daviscanada.org\/#website\",\"url\":\"https:\/\/www.daviscanada.org\/\",\"name\":\"Davis Dyslexia Canada\",\"description\":\"Dyslexia, ADD, ADHD Learning Disabilities can be corrected\",\"publisher\":{\"@id\":\"https:\/\/www.daviscanada.org\/#organization\"},\"potentialAction\":[{\"@type\":\"SearchAction\",\"target\":{\"@type\":\"EntryPoint\",\"urlTemplate\":\"https:\/\/www.daviscanada.org\/?s={search_term_string}\"},\"query-input\":{\"@type\":\"PropertyValueSpecification\",\"valueRequired\":true,\"valueName\":\"search_term_string\"}}],\"inLanguage\":\"fr-FR\"},{\"@type\":\"Organization\",\"@id\":\"https:\/\/www.daviscanada.org\/#organization\",\"name\":\"Davis Dyslexia and Autism Facilitators' Association of Canada\",\"url\":\"https:\/\/www.daviscanada.org\/\",\"logo\":{\"@type\":\"ImageObject\",\"inLanguage\":\"fr-FR\",\"@id\":\"https:\/\/www.daviscanada.org\/#\/schema\/logo\/image\/\",\"url\":\"https:\/\/www.daviscanada.org\/wp-content\/uploads\/2018\/03\/LogoNew5.png\",\"contentUrl\":\"https:\/\/www.daviscanada.org\/wp-content\/uploads\/2018\/03\/LogoNew5.png\",\"width\":278,\"height\":201,\"caption\":\"Davis Dyslexia and Autism Facilitators' Association of Canada\"},\"image\":{\"@id\":\"https:\/\/www.daviscanada.org\/#\/schema\/logo\/image\/\"},\"sameAs\":[\"https:\/\/www.facebook.com\/DDFAC\",\"https:\/\/x.com\/DDFAC\"]}]}<\/script>\n<!-- \/ Yoast SEO plugin. -->","yoast_head_json":{"title":"Formation de facilitateur Davis Canada - Davis Dyslexia Canada","robots":{"index":"index","follow":"follow","max-snippet":"max-snippet:-1","max-image-preview":"max-image-preview:large","max-video-preview":"max-video-preview:-1"},"canonical":"https:\/\/www.daviscanada.org\/fr\/davistraining-info\/","og_locale":"fr_FR","og_type":"article","og_title":"Formation de facilitateur Davis Canada - Davis Dyslexia Canada","og_description":"Formation d'animateur Davis\u00ae\u200b Sur notre site international, https:\/\/www.davistraining.info\/ fournira des informations pour une formation de qualit\u00e9 professionnelle sur les m\u00e9thodes d\u00e9velopp\u00e9es par Ronald D. Davis \u00e0 tous les adultes int\u00e9ress\u00e9s, y compris les praticiens de la dyslexie, les enseignants, les parents scolaris\u00e9s \u00e0 domicile et les autres personnes int\u00e9ress\u00e9es par l'apprentissage. comment utiliser et appliquer [&hellip;]","og_url":"https:\/\/www.daviscanada.org\/fr\/davistraining-info\/","og_site_name":"Davis Dyslexia Canada","article_publisher":"https:\/\/www.facebook.com\/DDFAC","article_modified_time":"2021-07-02T16:42:24+00:00","twitter_card":"summary_large_image","twitter_site":"@DDFAC","twitter_misc":{"Dur\u00e9e de lecture estim\u00e9e":"4 minutes"},"schema":{"@context":"https:\/\/schema.org","@graph":[{"@type":"WebPage","@id":"https:\/\/www.daviscanada.org\/fr\/davistraining-info\/","url":"https:\/\/www.daviscanada.org\/fr\/davistraining-info\/","name":"Formation de facilitateur Davis Canada - Davis Dyslexia Canada","isPartOf":{"@id":"https:\/\/www.daviscanada.org\/#website"},"datePublished":"2018-03-14T03:06:09+00:00","dateModified":"2021-07-02T16:42:24+00:00","breadcrumb":{"@id":"https:\/\/www.daviscanada.org\/fr\/davistraining-info\/#breadcrumb"},"inLanguage":"fr-FR","potentialAction":[{"@type":"ReadAction","target":["https:\/\/www.daviscanada.org\/fr\/davistraining-info\/"]}]},{"@type":"BreadcrumbList","@id":"https:\/\/www.daviscanada.org\/fr\/davistraining-info\/#breadcrumb","itemListElement":[{"@type":"ListItem","position":1,"name":"Home","item":"https:\/\/www.daviscanada.org\/fr\/homenew\/"},{"@type":"ListItem","position":2,"name":"Formation de facilitateur Davis Canada"}]},{"@type":"WebSite","@id":"https:\/\/www.daviscanada.org\/#website","url":"https:\/\/www.daviscanada.org\/","name":"Davis Dyslexia Canada","description":"Dyslexia, ADD, ADHD Learning Disabilities can be corrected","publisher":{"@id":"https:\/\/www.daviscanada.org\/#organization"},"potentialAction":[{"@type":"SearchAction","target":{"@type":"EntryPoint","urlTemplate":"https:\/\/www.daviscanada.org\/?s={search_term_string}"},"query-input":{"@type":"PropertyValueSpecification","valueRequired":true,"valueName":"search_term_string"}}],"inLanguage":"fr-FR"},{"@type":"Organization","@id":"https:\/\/www.daviscanada.org\/#organization","name":"Davis Dyslexia and Autism Facilitators' Association of Canada","url":"https:\/\/www.daviscanada.org\/","logo":{"@type":"ImageObject","inLanguage":"fr-FR","@id":"https:\/\/www.daviscanada.org\/#\/schema\/logo\/image\/","url":"https:\/\/www.daviscanada.org\/wp-content\/uploads\/2018\/03\/LogoNew5.png","contentUrl":"https:\/\/www.daviscanada.org\/wp-content\/uploads\/2018\/03\/LogoNew5.png","width":278,"height":201,"caption":"Davis Dyslexia and Autism Facilitators' Association of Canada"},"image":{"@id":"https:\/\/www.daviscanada.org\/#\/schema\/logo\/image\/"},"sameAs":["https:\/\/www.facebook.com\/DDFAC","https:\/\/x.com\/DDFAC"]}]}},"_links":{"self":[{"href":"https:\/\/www.daviscanada.org\/fr\/wp-json\/wp\/v2\/pages\/1135\/"}],"collection":[{"href":"https:\/\/www.daviscanada.org\/fr\/wp-json\/wp\/v2\/pages\/"}],"about":[{"href":"https:\/\/www.daviscanada.org\/fr\/wp-json\/wp\/v2\/types\/page\/"}],"author":[{"embeddable":true,"href":"https:\/\/www.daviscanada.org\/fr\/wp-json\/wp\/v2\/users\/1\/"}],"replies":[{"embeddable":true,"href":"https:\/\/www.daviscanada.org\/fr\/wp-json\/wp\/v2\/comments\/?post=1135"}],"version-history":[{"count":0,"href":"https:\/\/www.daviscanada.org\/fr\/wp-json\/wp\/v2\/pages\/1135\/revisions\/"}],"wp:attachment":[{"href":"https:\/\/www.daviscanada.org\/fr\/wp-json\/wp\/v2\/media\/?parent=1135"}],"curies":[{"name":"wp","href":"https:\/\/api.w.org\/{rel}","templated":true}]}}