{"id":1048,"date":"2018-03-15T22:42:05","date_gmt":"2018-03-16T02:42:05","guid":{"rendered":"http:\/\/davisdyslexia.commbits.net\/les-programmes-davis\/la-correction-de-la-dysgraphie\/"},"modified":"2018-03-29T21:47:38","modified_gmt":"2018-03-30T01:47:38","slug":"la-correction-de-la-dysgraphie","status":"publish","type":"page","link":"https:\/\/www.daviscanada.org\/fr\/les-programmes-davis\/la-correction-de-la-dysgraphie\/","title":{"rendered":"La Correction de la Dysgraphie"},"content":{"rendered":"<p>[et_pb_section bb_built=\u00a0\u00bb1&Prime; background_color=\u00a0\u00bb#30ace5&Prime; _builder_version=\u00a0\u00bb3.0.106&Prime; custom_padding=\u00a0\u00bb147px|0px|158px|0px\u00a0\u00bb top_divider_style=\u00a0\u00bbwave2&Prime; top_divider_height=\u00a0\u00bb81px\u00a0\u00bb bottom_divider_style=\u00a0\u00bbwave2&Prime; bottom_divider_height=\u00a0\u00bb89px\u00a0\u00bb bottom_divider_color=\u00a0\u00bb#eaeaea\u00a0\u00bb next_background_color=\u00a0\u00bb#ffffff\u00a0\u00bb][et_pb_row _builder_version=\u00a0\u00bb3.0.47&Prime; background_size=\u00a0\u00bbinitial\u00a0\u00bb background_position=\u00a0\u00bbtop_left\u00a0\u00bb background_repeat=\u00a0\u00bbrepeat\u00a0\u00bb][et_pb_column type=\u00a0\u00bb4_4&Prime;][et_pb_text background_layout=\u00a0\u00bbdark\u00a0\u00bb _builder_version=\u00a0\u00bb3.0.106&Prime; text_font=\u00a0\u00bb||||||||\u00a0\u00bb animation_style=\u00a0\u00bbslide\u00a0\u00bb animation_direction=\u00a0\u00bbright\u00a0\u00bb animation_intensity_slide=\u00a0\u00bb2%\u00a0\u00bb]<\/p>\n<h1>La Correction de la Dysgraphie<\/h1>\n<p>Une mauvaise \u00e9criture peut \u00eatre caus\u00e9e par plusieurs facteurs. Tous les praticiens Davis ont re\u00e7u une formation qui leur permet d\u2019identifier la (les) cause(s) de la dysgraphie et d\u2019appliquer les techniques qui permettront de r\u00e9gler le probl\u00e8me.<\/p>\n<p>[\/et_pb_text][\/et_pb_column][\/et_pb_row][\/et_pb_section][et_pb_section bb_built=\u00a0\u00bb1&Prime; fullwidth=\u00a0\u00bboff\u00a0\u00bb specialty=\u00a0\u00bboff\u00a0\u00bb _builder_version=\u00a0\u00bb3.0.106&Prime; use_background_color_gradient=\u00a0\u00bbon\u00a0\u00bb background_color_gradient_start=\u00a0\u00bbrgba(32,111,183,0.34)\u00a0\u00bb background_color_gradient_end=\u00a0\u00bb#206fb7&Prime; background_color_gradient_direction=\u00a0\u00bb1deg\u00a0\u00bb prev_background_color=\u00a0\u00bb#30ace5&Prime;][et_pb_row admin_label=\u00a0\u00bbRow\u00a0\u00bb _builder_version=\u00a0\u00bb3.0.106&Prime; background_color_1=\u00a0\u00bb#ffffff\u00a0\u00bb background_color_2=\u00a0\u00bb#ffffff\u00a0\u00bb padding_top_1=\u00a0\u00bb50px\u00a0\u00bb padding_right_1=\u00a0\u00bb40px\u00a0\u00bb padding_bottom_1=\u00a0\u00bb50px\u00a0\u00bb padding_left_1=\u00a0\u00bb40px\u00a0\u00bb padding_top_2=\u00a0\u00bb50px\u00a0\u00bb padding_right_2=\u00a0\u00bb40px\u00a0\u00bb padding_bottom_2=\u00a0\u00bb50px\u00a0\u00bb padding_left_2=\u00a0\u00bb40px\u00a0\u00bb custom_css_main_1=\u00a0\u00bbbox-shadow: 0px 1px 18px rgba(23, 23, 23, 0.17);|| -moz-box-shadow: 0px 1px 18px rgba(23, 23, 23, 0.17);|| -webkit-box-shadow: 0px 1px 18px rgba(23, 23, 23, 0.17);\u00a0\u00bb custom_css_main_2=\u00a0\u00bbbox-shadow: 0px 1px 18px rgba(23, 23, 23, 0.17);|| -moz-box-shadow: 0px 1px 18px rgba(23, 23, 23, 0.17);|| -webkit-box-shadow: 0px 1px 18px rgba(23, 23, 23, 0.17);\u00a0\u00bb][et_pb_column type=\u00a0\u00bb1_3&Prime;][et_pb_blurb admin_label=\u00a0\u00bbBlurb\u00a0\u00bb _builder_version=\u00a0\u00bb3.0.106&Prime; url_new_window=\u00a0\u00bboff\u00a0\u00bb use_icon=\u00a0\u00bbon\u00a0\u00bb font_icon=\u00a0\u00bb%%153%%\u00a0\u00bb icon_color=\u00a0\u00bb#75a800&Prime; use_circle=\u00a0\u00bboff\u00a0\u00bb use_circle_border=\u00a0\u00bboff\u00a0\u00bb icon_placement=\u00a0\u00bbtop\u00a0\u00bb use_icon_font_size=\u00a0\u00bbon\u00a0\u00bb icon_font_size=\u00a0\u00bb35px\u00a0\u00bb background_layout=\u00a0\u00bblight\u00a0\u00bb body_font_size=\u00a0\u00bb16&Prime; body_font_size_phone=\u00a0\u00bb14&Prime; body_font_size_last_edited=\u00a0\u00bbon|phone\u00a0\u00bb]<\/p>\n<p>Vos questions et vos demandes sont les bienvenues. S\u2019il-vous-pla\u00eet, contactez-nous au\u00a0<a href=\"mailto:info@daviscanada.org\">info@daviscanada.org<\/a>.<\/p>\n<p>[\/et_pb_blurb][\/et_pb_column][et_pb_column type=\u00a0\u00bb2_3&Prime;][et_pb_contact_form email=\u00a0\u00bbinfo@dyslexiaontario.com\u00a0\u00bb title=\u00a0\u00bbComment joindre la DDAFAC\u00a0\u00bb submit_button_text=\u00a0\u00bbEnvoyer\u00a0\u00bb form_background_color=\u00a0\u00bbrgba(255,255,255,0)\u00a0\u00bb module_id=\u00a0\u00bbet_pb_contact_form_1&Prime; _builder_version=\u00a0\u00bb3.0.106&Prime; title_font=\u00a0\u00bb|||on|||||\u00a0\u00bb form_field_font_size=\u00a0\u00bb16px\u00a0\u00bb form_field_text_color=\u00a0\u00bbrgba(0,0,0,0.49)\u00a0\u00bb border_width_all=\u00a0\u00bb1px\u00a0\u00bb border_color_all=\u00a0\u00bbrgba(0,0,0,0.12)\u00a0\u00bb custom_button=\u00a0\u00bbon\u00a0\u00bb button_text_size=\u00a0\u00bb16px\u00a0\u00bb button_text_color=\u00a0\u00bb#ffffff\u00a0\u00bb button_bg_color=\u00a0\u00bb#75a800&Prime; button_border_color=\u00a0\u00bb#75a800&Prime; button_border_radius=\u00a0\u00bb0px\u00a0\u00bb button_letter_spacing=\u00a0\u00bb2px\u00a0\u00bb button_font=\u00a0\u00bb|600||on|||||\u00a0\u00bb button_use_icon=\u00a0\u00bboff\u00a0\u00bb button_text_color_hover=\u00a0\u00bb#6eba01&Prime; button_bg_color_hover=\u00a0\u00bbrgba(0,0,0,0)\u00a0\u00bb button_border_color_hover=\u00a0\u00bb#6eba01&Prime; button_border_radius_hover=\u00a0\u00bb0px\u00a0\u00bb button_letter_spacing_hover=\u00a0\u00bb2px\u00a0\u00bb animation_style=\u00a0\u00bbfold\u00a0\u00bb animation_direction=\u00a0\u00bbbottom\u00a0\u00bb animation_intensity_fold=\u00a0\u00bb20%\u00a0\u00bb use_border_color=\u00a0\u00bbon\u00a0\u00bb custom_message=\u00a0\u00bbName: %%Name%%||et_pb_line_break_holder||Email: %%Email%%||et_pb_line_break_holder||||et_pb_line_break_holder||Message: %%Message%%\u00a0\u00bb captcha=\u00a0\u00bbon\u00a0\u00bb use_redirect=\u00a0\u00bboff\u00a0\u00bb button_icon_placement=\u00a0\u00bbright\u00a0\u00bb][et_pb_contact_field field_id=\u00a0\u00bbName\u00a0\u00bb field_title=\u00a0\u00bb Nom\u00a0\u00bb fullwidth_field=\u00a0\u00bbon\u00a0\u00bb _builder_version=\u00a0\u00bb3.0.106&Prime; border_radii=\u00a0\u00bbon||||\u00a0\u00bb][\/et_pb_contact_field][et_pb_contact_field field_id=\u00a0\u00bbEmail\u00a0\u00bb field_title=\u00a0\u00bbCourriel\u00a0\u00bb field_type=\u00a0\u00bbemail\u00a0\u00bb fullwidth_field=\u00a0\u00bbon\u00a0\u00bb _builder_version=\u00a0\u00bb3.0.106&Prime; border_radii=\u00a0\u00bbon||||\u00a0\u00bb][\/et_pb_contact_field][et_pb_contact_field field_id=\u00a0\u00bbMessage\u00a0\u00bb field_title=\u00a0\u00bbMessage\u00a0\u00bb field_type=\u00a0\u00bbtext\u00a0\u00bb fullwidth_field=\u00a0\u00bbon\u00a0\u00bb _builder_version=\u00a0\u00bb3.0.47&Prime; border_radii=\u00a0\u00bbon||||\u00a0\u00bb][\/et_pb_contact_field][\/et_pb_contact_form][\/et_pb_column][\/et_pb_row][\/et_pb_section]<\/p>\n","protected":false},"excerpt":{"rendered":"<p>La Correction de la Dysgraphie Une mauvaise \u00e9criture peut \u00eatre caus\u00e9e par plusieurs facteurs. Tous les praticiens Davis ont re\u00e7u une formation qui leur permet d\u2019identifier la (les) cause(s) de la dysgraphie et d\u2019appliquer les techniques qui permettront de r\u00e9gler le probl\u00e8me. Vos questions et vos demandes sont les bienvenues. S\u2019il-vous-pla\u00eet, contactez-nous au\u00a0info@daviscanada.org.<\/p>\n","protected":false},"author":1,"featured_media":0,"parent":982,"menu_order":0,"comment_status":"closed","ping_status":"closed","template":"","meta":{"_et_pb_use_builder":"on","_et_pb_old_content":"","_et_gb_content_width":"","footnotes":""},"class_list":["post-1048","page","type-page","status-publish","hentry"],"yoast_head":"<!-- This site is optimized with the Yoast SEO plugin v26.3 - https:\/\/yoast.com\/wordpress\/plugins\/seo\/ -->\n<title>La Correction de la Dysgraphie - Davis Dyslexia Canada<\/title>\n<meta name=\"robots\" content=\"index, follow, max-snippet:-1, max-image-preview:large, max-video-preview:-1\" \/>\n<link rel=\"canonical\" href=\"https:\/\/www.daviscanada.org\/fr\/les-programmes-davis\/la-correction-de-la-dysgraphie\/\" \/>\n<meta property=\"og:locale\" content=\"fr_FR\" \/>\n<meta property=\"og:type\" content=\"article\" \/>\n<meta property=\"og:title\" content=\"La Correction de la Dysgraphie - Davis Dyslexia Canada\" \/>\n<meta property=\"og:description\" content=\"La Correction de la Dysgraphie Une mauvaise \u00e9criture peut \u00eatre caus\u00e9e par plusieurs facteurs. Tous les praticiens Davis ont re\u00e7u une formation qui leur permet d\u2019identifier la (les) cause(s) de la dysgraphie et d\u2019appliquer les techniques qui permettront de r\u00e9gler le probl\u00e8me. Vos questions et vos demandes sont les bienvenues. S\u2019il-vous-pla\u00eet, contactez-nous au\u00a0info@daviscanada.org.\" \/>\n<meta property=\"og:url\" content=\"https:\/\/www.daviscanada.org\/fr\/les-programmes-davis\/la-correction-de-la-dysgraphie\/\" \/>\n<meta property=\"og:site_name\" content=\"Davis Dyslexia Canada\" \/>\n<meta property=\"article:publisher\" content=\"https:\/\/www.facebook.com\/DDFAC\" \/>\n<meta property=\"article:modified_time\" content=\"2018-03-30T01:47:38+00:00\" \/>\n<meta name=\"twitter:card\" content=\"summary_large_image\" \/>\n<meta name=\"twitter:site\" content=\"@DDFAC\" \/>\n<meta name=\"twitter:label1\" content=\"Dur\u00e9e de lecture estim\u00e9e\" \/>\n\t<meta name=\"twitter:data1\" content=\"3 minutes\" \/>\n<script type=\"application\/ld+json\" class=\"yoast-schema-graph\">{\"@context\":\"https:\/\/schema.org\",\"@graph\":[{\"@type\":\"WebPage\",\"@id\":\"https:\/\/www.daviscanada.org\/fr\/les-programmes-davis\/la-correction-de-la-dysgraphie\/\",\"url\":\"https:\/\/www.daviscanada.org\/fr\/les-programmes-davis\/la-correction-de-la-dysgraphie\/\",\"name\":\"La Correction de la Dysgraphie - Davis Dyslexia Canada\",\"isPartOf\":{\"@id\":\"https:\/\/www.daviscanada.org\/#website\"},\"datePublished\":\"2018-03-16T02:42:05+00:00\",\"dateModified\":\"2018-03-30T01:47:38+00:00\",\"breadcrumb\":{\"@id\":\"https:\/\/www.daviscanada.org\/fr\/les-programmes-davis\/la-correction-de-la-dysgraphie\/#breadcrumb\"},\"inLanguage\":\"fr-FR\",\"potentialAction\":[{\"@type\":\"ReadAction\",\"target\":[\"https:\/\/www.daviscanada.org\/fr\/les-programmes-davis\/la-correction-de-la-dysgraphie\/\"]}]},{\"@type\":\"BreadcrumbList\",\"@id\":\"https:\/\/www.daviscanada.org\/fr\/les-programmes-davis\/la-correction-de-la-dysgraphie\/#breadcrumb\",\"itemListElement\":[{\"@type\":\"ListItem\",\"position\":1,\"name\":\"Home\",\"item\":\"https:\/\/www.daviscanada.org\/fr\/homenew\/\"},{\"@type\":\"ListItem\",\"position\":2,\"name\":\"Les Programmes Davis\",\"item\":\"https:\/\/www.daviscanada.org\/fr\/les-programmes-davis\/\"},{\"@type\":\"ListItem\",\"position\":3,\"name\":\"La Correction de la Dysgraphie\"}]},{\"@type\":\"WebSite\",\"@id\":\"https:\/\/www.daviscanada.org\/#website\",\"url\":\"https:\/\/www.daviscanada.org\/\",\"name\":\"Davis Dyslexia Canada\",\"description\":\"Dyslexia, ADD, ADHD Learning Disabilities can be corrected\",\"publisher\":{\"@id\":\"https:\/\/www.daviscanada.org\/#organization\"},\"potentialAction\":[{\"@type\":\"SearchAction\",\"target\":{\"@type\":\"EntryPoint\",\"urlTemplate\":\"https:\/\/www.daviscanada.org\/?s={search_term_string}\"},\"query-input\":{\"@type\":\"PropertyValueSpecification\",\"valueRequired\":true,\"valueName\":\"search_term_string\"}}],\"inLanguage\":\"fr-FR\"},{\"@type\":\"Organization\",\"@id\":\"https:\/\/www.daviscanada.org\/#organization\",\"name\":\"Davis Dyslexia and Autism Facilitators' Association of Canada\",\"url\":\"https:\/\/www.daviscanada.org\/\",\"logo\":{\"@type\":\"ImageObject\",\"inLanguage\":\"fr-FR\",\"@id\":\"https:\/\/www.daviscanada.org\/#\/schema\/logo\/image\/\",\"url\":\"https:\/\/www.daviscanada.org\/wp-content\/uploads\/2018\/03\/LogoNew5.png\",\"contentUrl\":\"https:\/\/www.daviscanada.org\/wp-content\/uploads\/2018\/03\/LogoNew5.png\",\"width\":278,\"height\":201,\"caption\":\"Davis Dyslexia and Autism Facilitators' Association of Canada\"},\"image\":{\"@id\":\"https:\/\/www.daviscanada.org\/#\/schema\/logo\/image\/\"},\"sameAs\":[\"https:\/\/www.facebook.com\/DDFAC\",\"https:\/\/x.com\/DDFAC\"]}]}<\/script>\n<!-- \/ Yoast SEO plugin. -->","yoast_head_json":{"title":"La Correction de la Dysgraphie - Davis Dyslexia Canada","robots":{"index":"index","follow":"follow","max-snippet":"max-snippet:-1","max-image-preview":"max-image-preview:large","max-video-preview":"max-video-preview:-1"},"canonical":"https:\/\/www.daviscanada.org\/fr\/les-programmes-davis\/la-correction-de-la-dysgraphie\/","og_locale":"fr_FR","og_type":"article","og_title":"La Correction de la Dysgraphie - Davis Dyslexia Canada","og_description":"La Correction de la Dysgraphie Une mauvaise \u00e9criture peut \u00eatre caus\u00e9e par plusieurs facteurs. Tous les praticiens Davis ont re\u00e7u une formation qui leur permet d\u2019identifier la (les) cause(s) de la dysgraphie et d\u2019appliquer les techniques qui permettront de r\u00e9gler le probl\u00e8me. Vos questions et vos demandes sont les bienvenues. S\u2019il-vous-pla\u00eet, contactez-nous au\u00a0info@daviscanada.org.","og_url":"https:\/\/www.daviscanada.org\/fr\/les-programmes-davis\/la-correction-de-la-dysgraphie\/","og_site_name":"Davis Dyslexia Canada","article_publisher":"https:\/\/www.facebook.com\/DDFAC","article_modified_time":"2018-03-30T01:47:38+00:00","twitter_card":"summary_large_image","twitter_site":"@DDFAC","twitter_misc":{"Dur\u00e9e de lecture estim\u00e9e":"3 minutes"},"schema":{"@context":"https:\/\/schema.org","@graph":[{"@type":"WebPage","@id":"https:\/\/www.daviscanada.org\/fr\/les-programmes-davis\/la-correction-de-la-dysgraphie\/","url":"https:\/\/www.daviscanada.org\/fr\/les-programmes-davis\/la-correction-de-la-dysgraphie\/","name":"La Correction de la Dysgraphie - Davis Dyslexia Canada","isPartOf":{"@id":"https:\/\/www.daviscanada.org\/#website"},"datePublished":"2018-03-16T02:42:05+00:00","dateModified":"2018-03-30T01:47:38+00:00","breadcrumb":{"@id":"https:\/\/www.daviscanada.org\/fr\/les-programmes-davis\/la-correction-de-la-dysgraphie\/#breadcrumb"},"inLanguage":"fr-FR","potentialAction":[{"@type":"ReadAction","target":["https:\/\/www.daviscanada.org\/fr\/les-programmes-davis\/la-correction-de-la-dysgraphie\/"]}]},{"@type":"BreadcrumbList","@id":"https:\/\/www.daviscanada.org\/fr\/les-programmes-davis\/la-correction-de-la-dysgraphie\/#breadcrumb","itemListElement":[{"@type":"ListItem","position":1,"name":"Home","item":"https:\/\/www.daviscanada.org\/fr\/homenew\/"},{"@type":"ListItem","position":2,"name":"Les Programmes Davis","item":"https:\/\/www.daviscanada.org\/fr\/les-programmes-davis\/"},{"@type":"ListItem","position":3,"name":"La Correction de la Dysgraphie"}]},{"@type":"WebSite","@id":"https:\/\/www.daviscanada.org\/#website","url":"https:\/\/www.daviscanada.org\/","name":"Davis Dyslexia Canada","description":"Dyslexia, ADD, ADHD Learning Disabilities can be corrected","publisher":{"@id":"https:\/\/www.daviscanada.org\/#organization"},"potentialAction":[{"@type":"SearchAction","target":{"@type":"EntryPoint","urlTemplate":"https:\/\/www.daviscanada.org\/?s={search_term_string}"},"query-input":{"@type":"PropertyValueSpecification","valueRequired":true,"valueName":"search_term_string"}}],"inLanguage":"fr-FR"},{"@type":"Organization","@id":"https:\/\/www.daviscanada.org\/#organization","name":"Davis Dyslexia and Autism Facilitators' Association of Canada","url":"https:\/\/www.daviscanada.org\/","logo":{"@type":"ImageObject","inLanguage":"fr-FR","@id":"https:\/\/www.daviscanada.org\/#\/schema\/logo\/image\/","url":"https:\/\/www.daviscanada.org\/wp-content\/uploads\/2018\/03\/LogoNew5.png","contentUrl":"https:\/\/www.daviscanada.org\/wp-content\/uploads\/2018\/03\/LogoNew5.png","width":278,"height":201,"caption":"Davis Dyslexia and Autism Facilitators' Association of Canada"},"image":{"@id":"https:\/\/www.daviscanada.org\/#\/schema\/logo\/image\/"},"sameAs":["https:\/\/www.facebook.com\/DDFAC","https:\/\/x.com\/DDFAC"]}]}},"_links":{"self":[{"href":"https:\/\/www.daviscanada.org\/fr\/wp-json\/wp\/v2\/pages\/1048\/"}],"collection":[{"href":"https:\/\/www.daviscanada.org\/fr\/wp-json\/wp\/v2\/pages\/"}],"about":[{"href":"https:\/\/www.daviscanada.org\/fr\/wp-json\/wp\/v2\/types\/page\/"}],"author":[{"embeddable":true,"href":"https:\/\/www.daviscanada.org\/fr\/wp-json\/wp\/v2\/users\/1\/"}],"replies":[{"embeddable":true,"href":"https:\/\/www.daviscanada.org\/fr\/wp-json\/wp\/v2\/comments\/?post=1048"}],"version-history":[{"count":0,"href":"https:\/\/www.daviscanada.org\/fr\/wp-json\/wp\/v2\/pages\/1048\/revisions\/"}],"up":[{"embeddable":true,"href":"https:\/\/www.daviscanada.org\/fr\/wp-json\/wp\/v2\/pages\/982\/"}],"wp:attachment":[{"href":"https:\/\/www.daviscanada.org\/fr\/wp-json\/wp\/v2\/media\/?parent=1048"}],"curies":[{"name":"wp","href":"https:\/\/api.w.org\/{rel}","templated":true}]}}