{"id":1038,"date":"2018-03-15T22:40:19","date_gmt":"2018-03-16T02:40:19","guid":{"rendered":"http:\/\/davisdyslexia.commbits.net\/les-programmes-davis\/la-maitrise-des-maths-davis\/"},"modified":"2021-07-02T10:22:31","modified_gmt":"2021-07-02T14:22:31","slug":"la-maitrise-des-maths-davis","status":"publish","type":"page","link":"https:\/\/www.daviscanada.org\/fr\/les-programmes-davis\/la-maitrise-des-maths-davis\/","title":{"rendered":"La Ma\u00eetrise des Maths Davi"},"content":{"rendered":"<p>[et_pb_section fb_built=\u00a0\u00bb1&Prime; next_background_color=\u00a0\u00bb#ffffff\u00a0\u00bb _builder_version=\u00a0\u00bb3.22&Prime; background_color=\u00a0\u00bb#30ace5&Prime; custom_padding=\u00a0\u00bb147px|0px|158px|0px\u00a0\u00bb top_divider_style=\u00a0\u00bbwave2&Prime; top_divider_height=\u00a0\u00bb81px\u00a0\u00bb bottom_divider_style=\u00a0\u00bbwave2&Prime; bottom_divider_height=\u00a0\u00bb89px\u00a0\u00bb prev_background_color=\u00a0\u00bb#ffffff\u00a0\u00bb][et_pb_row _builder_version=\u00a0\u00bb3.25&Prime; background_size=\u00a0\u00bbinitial\u00a0\u00bb background_position=\u00a0\u00bbtop_left\u00a0\u00bb background_repeat=\u00a0\u00bbrepeat\u00a0\u00bb][et_pb_column type=\u00a0\u00bb4_4&Prime; _builder_version=\u00a0\u00bb3.25&Prime; custom_padding=\u00a0\u00bb|||\u00a0\u00bb custom_padding__hover=\u00a0\u00bb|||\u00a0\u00bb][et_pb_text _builder_version=\u00a0\u00bb4.9.7&Prime; background_layout=\u00a0\u00bbdark\u00a0\u00bb animation_style=\u00a0\u00bbslide\u00a0\u00bb animation_direction=\u00a0\u00bbright\u00a0\u00bb animation_intensity_slide=\u00a0\u00bb2%\u00a0\u00bb hover_enabled=\u00a0\u00bb0&Prime; sticky_enabled=\u00a0\u00bb0&Prime;]<\/p>\n<h1>La Ma\u00eetrise des Maths Davis<\/h1>\n<p>La plupart des troubles de l\u2019apprentissage reli\u00e9s aux math\u00e9matiques sont tributaires des modes de pens\u00e9e et de perception dyslexiques et disparaissent une fois la dyslexie corrig\u00e9e. Le programme de Correction de la Dyslexie \u00e9limine les probl\u00e8mes d\u2019erreurs de lecture des chiffres et des symboles de fonctions math\u00e9matiques, ainsi que les difficult\u00e9s de compr\u00e9hension des exercices r\u00e9dig\u00e9s sous forme de probl\u00e8mes et celles d\u2019assimilation de nouveaux concepts. Il arrive toutefois que le trouble d\u2019apprentissage soit directement reli\u00e9 aux math\u00e9matiques; la technique de correction du TDA\/H permet alors l\u2019assimilation des notions de base et l\u2019acquisition des aptitudes essentielles \u00e0 l\u2019apprentissage des math\u00e9matiques.<\/p>\n<p>[\/et_pb_text][\/et_pb_column][\/et_pb_row][\/et_pb_section][et_pb_section fb_built=\u00a0\u00bb1&Prime; _builder_version=\u00a0\u00bb3.22&Prime;][et_pb_row _builder_version=\u00a0\u00bb3.25&Prime; background_size=\u00a0\u00bbinitial\u00a0\u00bb background_position=\u00a0\u00bbtop_left\u00a0\u00bb background_repeat=\u00a0\u00bbrepeat\u00a0\u00bb column_structure=\u00a0\u00bb1_3,2_3&Prime;][et_pb_column type=\u00a0\u00bb1_3&Prime; _builder_version=\u00a0\u00bb3.25&Prime; custom_padding=\u00a0\u00bb|||\u00a0\u00bb custom_padding__hover=\u00a0\u00bb|||\u00a0\u00bb][\/et_pb_column][et_pb_column type=\u00a0\u00bb2_3&Prime; _builder_version=\u00a0\u00bb3.25&Prime; custom_padding=\u00a0\u00bb|||\u00a0\u00bb custom_padding__hover=\u00a0\u00bb|||\u00a0\u00bb][et_pb_text _builder_version=\u00a0\u00bb3.27.4&Prime; animation_style=\u00a0\u00bbslide\u00a0\u00bb animation_direction=\u00a0\u00bbleft\u00a0\u00bb animation_intensity_slide=\u00a0\u00bb1%\u00a0\u00bb hover_enabled=\u00a0\u00bb0&Prime; sticky_enabled=\u00a0\u00bb0&Prime;]Le programme de Ma\u00eetrise des Maths Davis\u00ae comprend le Conseil d\u2019Orientation Davis\u00ae et l\u2019acquisition des concepts de base reli\u00e9s au TDA\/H. Une fois que la personne a la capacit\u00e9 d\u2019apprendre dans un \u00e9tat orient\u00e9 et qu\u2019elle a ma\u00eetris\u00e9 ces concepts de base, on lui enseigne alors les notions fondamentales des math\u00e9matiques, \u00e0 l\u2019aide de m\u00e9thodes taill\u00e9es aur mesure pour le cerveau dyslexique. L\u2019utilisation de p\u00e2te \u00e0 modeler permet au dyslexique d\u2019apprendre les concepts et op\u00e9rations math\u00e9matiques en mettant \u00e0 profit son aptitude \u00e0 penser en images. Le programme de Ma\u00eetrise des Maths enseigne le calcul, l\u2019addition, la soustraction, la multiplication, la division et les fractions. La reconnaissance des signes de fonctions math\u00e9matiques est enseign\u00e9e \u00e0 l\u2019aide de la Ma\u00eetrise des Symboles Davis\u00ae.<br \/>\n[\/et_pb_text][\/et_pb_column][\/et_pb_row][\/et_pb_section][et_pb_section fb_built=\u00a0\u00bb1&Prime; prev_background_color=\u00a0\u00bb#ffffff\u00a0\u00bb _builder_version=\u00a0\u00bb3.22&Prime; background_color=\u00a0\u00bb#eaeaea\u00a0\u00bb custom_padding=\u00a0\u00bb124px|0px|54px|0px\u00a0\u00bb top_divider_style=\u00a0\u00bbwaves2&Prime; top_divider_height=\u00a0\u00bb63px\u00a0\u00bb top_divider_flip=\u00a0\u00bbhorizontal|vertical\u00a0\u00bb][et_pb_row _builder_version=\u00a0\u00bb3.25&Prime; background_size=\u00a0\u00bbinitial\u00a0\u00bb background_position=\u00a0\u00bbtop_left\u00a0\u00bb background_repeat=\u00a0\u00bbrepeat\u00a0\u00bb][et_pb_column type=\u00a0\u00bb4_4&Prime; _builder_version=\u00a0\u00bb3.25&Prime; custom_padding=\u00a0\u00bb|||\u00a0\u00bb custom_padding__hover=\u00a0\u00bb|||\u00a0\u00bb][et_pb_text _builder_version=\u00a0\u00bb3.27.4&Prime; text_font=\u00a0\u00bb||||||||\u00a0\u00bb text_font_size=\u00a0\u00bb27px\u00a0\u00bb text_line_height=\u00a0\u00bb1.4em\u00a0\u00bb header_font=\u00a0\u00bb||||||||\u00a0\u00bb header_2_font=\u00a0\u00bb||||||||\u00a0\u00bb header_2_line_height=\u00a0\u00bb1.7em\u00a0\u00bb text_orientation=\u00a0\u00bbcenter\u00a0\u00bb animation_style=\u00a0\u00bbfade\u00a0\u00bb hover_enabled=\u00a0\u00bb0&Prime; sticky_enabled=\u00a0\u00bb0&Prime;]<\/p>\n<h2>La reconnaissance des signes de fonctions math\u00e9matiques est enseign\u00e9e \u00e0 l\u2019aide de la Ma\u00eetrise des Symboles Davis\u00ae.<\/h2>\n<p>[\/et_pb_text][\/et_pb_column][\/et_pb_row][\/et_pb_section][et_pb_section fb_built=\u00a0\u00bb1&Prime; _builder_version=\u00a0\u00bb3.22&Prime; use_background_color_gradient=\u00a0\u00bbon\u00a0\u00bb background_color_gradient_start=\u00a0\u00bbrgba(32,111,183,0.34)\u00a0\u00bb background_color_gradient_end=\u00a0\u00bb#206fb7&Prime; background_color_gradient_direction=\u00a0\u00bb1deg\u00a0\u00bb][et_pb_row admin_label=\u00a0\u00bbRow\u00a0\u00bb _builder_version=\u00a0\u00bb3.25&Prime; column_structure=\u00a0\u00bb1_3,2_3&Prime;][et_pb_column type=\u00a0\u00bb1_3&Prime; _builder_version=\u00a0\u00bb3.25&Prime; background_color=\u00a0\u00bb#ffffff\u00a0\u00bb custom_padding=\u00a0\u00bb50px|40px|50px|40px\u00a0\u00bb custom_css_main_element=\u00a0\u00bbbox-shadow: 0px 1px 18px rgba(23, 23, 23, 0.17);|| -moz-box-shadow: 0px 1px 18px rgba(23, 23, 23, 0.17);|| -webkit-box-shadow: 0px 1px 18px rgba(23, 23, 23, 0.17);\u00a0\u00bb custom_padding__hover=\u00a0\u00bb|||\u00a0\u00bb][et_pb_blurb use_icon=\u00a0\u00bbon\u00a0\u00bb font_icon=\u00a0\u00bb%%153%%\u00a0\u00bb icon_color=\u00a0\u00bb#75a800&Prime; use_icon_font_size=\u00a0\u00bbon\u00a0\u00bb icon_font_size=\u00a0\u00bb35px\u00a0\u00bb admin_label=\u00a0\u00bbBlurb\u00a0\u00bb _builder_version=\u00a0\u00bb3.0.106&Prime; body_font_size=\u00a0\u00bb16&Prime; hover_enabled=\u00a0\u00bb0&Prime; body_font_size_tablet=\u00a0\u00bb\u00a0\u00bb body_font_size_phone=\u00a0\u00bb14&Prime; body_font_size_last_edited=\u00a0\u00bbon|phone\u00a0\u00bb sticky_enabled=\u00a0\u00bb0&Prime;]<\/p>\n<p>Vos questions et vos demandes sont les bienvenues. S\u2019il-vous-pla\u00eet, contactez-nous au\u00a0<a href=\"mailto:info@daviscanada.org\">info@daviscanada.org<\/a>.<\/p>\n<p>[\/et_pb_blurb][\/et_pb_column][et_pb_column type=\u00a0\u00bb2_3&Prime; _builder_version=\u00a0\u00bb3.25&Prime; background_color=\u00a0\u00bb#ffffff\u00a0\u00bb custom_padding=\u00a0\u00bb50px|40px|50px|40px\u00a0\u00bb custom_css_main_element=\u00a0\u00bbbox-shadow: 0px 1px 18px rgba(23, 23, 23, 0.17);|| -moz-box-shadow: 0px 1px 18px rgba(23, 23, 23, 0.17);|| -webkit-box-shadow: 0px 1px 18px rgba(23, 23, 23, 0.17);\u00a0\u00bb custom_padding__hover=\u00a0\u00bb|||\u00a0\u00bb][et_pb_contact_form email=\u00a0\u00bbinfo@dyslexiaontario.com\u00a0\u00bb title=\u00a0\u00bbComment joindre la DDAFAC\u00a0\u00bb custom_message=\u00a0\u00bbName: %%Name%%||et_pb_line_break_holder||Email: %%Email%%||et_pb_line_break_holder||||et_pb_line_break_holder||Message: %%Message%%\u00a0\u00bb submit_button_text=\u00a0\u00bbEnvoyer\u00a0\u00bb module_id=\u00a0\u00bbet_pb_contact_form_1&Prime; _builder_version=\u00a0\u00bb3.23&Prime; form_field_background_color=\u00a0\u00bbrgba(255,255,255,0)\u00a0\u00bb form_field_text_color=\u00a0\u00bbrgba(0,0,0,0.49)\u00a0\u00bb title_font=\u00a0\u00bb|||on|||||\u00a0\u00bb form_field_font_size=\u00a0\u00bb16px\u00a0\u00bb custom_button=\u00a0\u00bbon\u00a0\u00bb button_text_size=\u00a0\u00bb16px\u00a0\u00bb button_text_color=\u00a0\u00bb#ffffff\u00a0\u00bb button_bg_color=\u00a0\u00bb#75a800&Prime; button_border_color=\u00a0\u00bb#75a800&Prime; button_border_radius=\u00a0\u00bb0px\u00a0\u00bb button_letter_spacing=\u00a0\u00bb2px\u00a0\u00bb button_font=\u00a0\u00bb|600||on|||||\u00a0\u00bb button_use_icon=\u00a0\u00bboff\u00a0\u00bb animation_style=\u00a0\u00bbfold\u00a0\u00bb animation_direction=\u00a0\u00bbbottom\u00a0\u00bb animation_intensity_fold=\u00a0\u00bb20%\u00a0\u00bb border_width_all=\u00a0\u00bb1px\u00a0\u00bb border_color_all=\u00a0\u00bbrgba(0,0,0,0.12)\u00a0\u00bb use_border_color=\u00a0\u00bbon\u00a0\u00bb form_background_color=\u00a0\u00bbrgba(255,255,255,0)\u00a0\u00bb button_text_color_hover=\u00a0\u00bb#6eba01&Prime; button_bg_color_hover=\u00a0\u00bbrgba(0,0,0,0)\u00a0\u00bb button_border_color_hover=\u00a0\u00bb#6eba01&Prime; button_border_radius_hover=\u00a0\u00bb0px\u00a0\u00bb button_letter_spacing_hover=\u00a0\u00bb2px\u00a0\u00bb][et_pb_contact_field field_id=\u00a0\u00bbName\u00a0\u00bb field_title=\u00a0\u00bb Nom\u00a0\u00bb fullwidth_field=\u00a0\u00bbon\u00a0\u00bb _builder_version=\u00a0\u00bb3.16&Prime; button_text_size__hover_enabled=\u00a0\u00bboff\u00a0\u00bb button_one_text_size__hover_enabled=\u00a0\u00bboff\u00a0\u00bb button_two_text_size__hover_enabled=\u00a0\u00bboff\u00a0\u00bb button_text_color__hover_enabled=\u00a0\u00bboff\u00a0\u00bb button_one_text_color__hover_enabled=\u00a0\u00bboff\u00a0\u00bb button_two_text_color__hover_enabled=\u00a0\u00bboff\u00a0\u00bb button_border_width__hover_enabled=\u00a0\u00bboff\u00a0\u00bb button_one_border_width__hover_enabled=\u00a0\u00bboff\u00a0\u00bb button_two_border_width__hover_enabled=\u00a0\u00bboff\u00a0\u00bb button_border_color__hover_enabled=\u00a0\u00bboff\u00a0\u00bb button_one_border_color__hover_enabled=\u00a0\u00bboff\u00a0\u00bb button_two_border_color__hover_enabled=\u00a0\u00bboff\u00a0\u00bb button_border_radius__hover_enabled=\u00a0\u00bboff\u00a0\u00bb button_one_border_radius__hover_enabled=\u00a0\u00bboff\u00a0\u00bb button_two_border_radius__hover_enabled=\u00a0\u00bboff\u00a0\u00bb button_letter_spacing__hover_enabled=\u00a0\u00bboff\u00a0\u00bb button_one_letter_spacing__hover_enabled=\u00a0\u00bboff\u00a0\u00bb button_two_letter_spacing__hover_enabled=\u00a0\u00bboff\u00a0\u00bb button_bg_color__hover_enabled=\u00a0\u00bboff\u00a0\u00bb button_one_bg_color__hover_enabled=\u00a0\u00bboff\u00a0\u00bb button_two_bg_color__hover_enabled=\u00a0\u00bboff\u00a0\u00bb][\/et_pb_contact_field][et_pb_contact_field field_id=\u00a0\u00bbEmail\u00a0\u00bb field_title=\u00a0\u00bbCourriel\u00a0\u00bb field_type=\u00a0\u00bbemail\u00a0\u00bb fullwidth_field=\u00a0\u00bbon\u00a0\u00bb _builder_version=\u00a0\u00bb3.16&Prime; button_text_size__hover_enabled=\u00a0\u00bboff\u00a0\u00bb button_one_text_size__hover_enabled=\u00a0\u00bboff\u00a0\u00bb button_two_text_size__hover_enabled=\u00a0\u00bboff\u00a0\u00bb button_text_color__hover_enabled=\u00a0\u00bboff\u00a0\u00bb button_one_text_color__hover_enabled=\u00a0\u00bboff\u00a0\u00bb button_two_text_color__hover_enabled=\u00a0\u00bboff\u00a0\u00bb button_border_width__hover_enabled=\u00a0\u00bboff\u00a0\u00bb button_one_border_width__hover_enabled=\u00a0\u00bboff\u00a0\u00bb button_two_border_width__hover_enabled=\u00a0\u00bboff\u00a0\u00bb button_border_color__hover_enabled=\u00a0\u00bboff\u00a0\u00bb button_one_border_color__hover_enabled=\u00a0\u00bboff\u00a0\u00bb button_two_border_color__hover_enabled=\u00a0\u00bboff\u00a0\u00bb button_border_radius__hover_enabled=\u00a0\u00bboff\u00a0\u00bb button_one_border_radius__hover_enabled=\u00a0\u00bboff\u00a0\u00bb button_two_border_radius__hover_enabled=\u00a0\u00bboff\u00a0\u00bb button_letter_spacing__hover_enabled=\u00a0\u00bboff\u00a0\u00bb button_one_letter_spacing__hover_enabled=\u00a0\u00bboff\u00a0\u00bb button_two_letter_spacing__hover_enabled=\u00a0\u00bboff\u00a0\u00bb button_bg_color__hover_enabled=\u00a0\u00bboff\u00a0\u00bb button_one_bg_color__hover_enabled=\u00a0\u00bboff\u00a0\u00bb button_two_bg_color__hover_enabled=\u00a0\u00bboff\u00a0\u00bb][\/et_pb_contact_field][et_pb_contact_field field_id=\u00a0\u00bbMessage\u00a0\u00bb field_title=\u00a0\u00bbMessage\u00a0\u00bb field_type=\u00a0\u00bbtext\u00a0\u00bb fullwidth_field=\u00a0\u00bbon\u00a0\u00bb _builder_version=\u00a0\u00bb3.16&Prime; button_text_size__hover_enabled=\u00a0\u00bboff\u00a0\u00bb button_one_text_size__hover_enabled=\u00a0\u00bboff\u00a0\u00bb button_two_text_size__hover_enabled=\u00a0\u00bboff\u00a0\u00bb button_text_color__hover_enabled=\u00a0\u00bboff\u00a0\u00bb button_one_text_color__hover_enabled=\u00a0\u00bboff\u00a0\u00bb button_two_text_color__hover_enabled=\u00a0\u00bboff\u00a0\u00bb button_border_width__hover_enabled=\u00a0\u00bboff\u00a0\u00bb button_one_border_width__hover_enabled=\u00a0\u00bboff\u00a0\u00bb button_two_border_width__hover_enabled=\u00a0\u00bboff\u00a0\u00bb button_border_color__hover_enabled=\u00a0\u00bboff\u00a0\u00bb button_one_border_color__hover_enabled=\u00a0\u00bboff\u00a0\u00bb button_two_border_color__hover_enabled=\u00a0\u00bboff\u00a0\u00bb button_border_radius__hover_enabled=\u00a0\u00bboff\u00a0\u00bb button_one_border_radius__hover_enabled=\u00a0\u00bboff\u00a0\u00bb button_two_border_radius__hover_enabled=\u00a0\u00bboff\u00a0\u00bb button_letter_spacing__hover_enabled=\u00a0\u00bboff\u00a0\u00bb button_one_letter_spacing__hover_enabled=\u00a0\u00bboff\u00a0\u00bb button_two_letter_spacing__hover_enabled=\u00a0\u00bboff\u00a0\u00bb button_bg_color__hover_enabled=\u00a0\u00bboff\u00a0\u00bb button_one_bg_color__hover_enabled=\u00a0\u00bboff\u00a0\u00bb button_two_bg_color__hover_enabled=\u00a0\u00bboff\u00a0\u00bb][\/et_pb_contact_field][\/et_pb_contact_form][\/et_pb_column][\/et_pb_row][\/et_pb_section]<\/p>\n","protected":false},"excerpt":{"rendered":"<p>La Ma\u00eetrise des Maths Davis La plupart des troubles de l\u2019apprentissage reli\u00e9s aux math\u00e9matiques sont tributaires des modes de pens\u00e9e et de perception dyslexiques et disparaissent une fois la dyslexie corrig\u00e9e. Le programme de Correction de la Dyslexie \u00e9limine les probl\u00e8mes d\u2019erreurs de lecture des chiffres et des symboles de fonctions math\u00e9matiques, ainsi que les [&hellip;]<\/p>\n","protected":false},"author":1,"featured_media":0,"parent":982,"menu_order":0,"comment_status":"closed","ping_status":"closed","template":"","meta":{"_et_pb_use_builder":"on","_et_pb_old_content":"","_et_gb_content_width":"","footnotes":""},"class_list":["post-1038","page","type-page","status-publish","hentry"],"yoast_head":"<!-- This site is optimized with the Yoast SEO plugin v26.3 - https:\/\/yoast.com\/wordpress\/plugins\/seo\/ -->\n<title>La Ma\u00eetrise des Maths Davi - Davis Dyslexia Canada<\/title>\n<meta name=\"robots\" content=\"index, follow, max-snippet:-1, max-image-preview:large, max-video-preview:-1\" \/>\n<link rel=\"canonical\" href=\"https:\/\/www.daviscanada.org\/fr\/les-programmes-davis\/la-maitrise-des-maths-davis\/\" \/>\n<meta property=\"og:locale\" content=\"fr_FR\" \/>\n<meta property=\"og:type\" content=\"article\" \/>\n<meta property=\"og:title\" content=\"La Ma\u00eetrise des Maths Davi - Davis Dyslexia Canada\" \/>\n<meta property=\"og:description\" content=\"La Ma\u00eetrise des Maths Davis La plupart des troubles de l\u2019apprentissage reli\u00e9s aux math\u00e9matiques sont tributaires des modes de pens\u00e9e et de perception dyslexiques et disparaissent une fois la dyslexie corrig\u00e9e. Le programme de Correction de la Dyslexie \u00e9limine les probl\u00e8mes d\u2019erreurs de lecture des chiffres et des symboles de fonctions math\u00e9matiques, ainsi que les [&hellip;]\" \/>\n<meta property=\"og:url\" content=\"https:\/\/www.daviscanada.org\/fr\/les-programmes-davis\/la-maitrise-des-maths-davis\/\" \/>\n<meta property=\"og:site_name\" content=\"Davis Dyslexia Canada\" \/>\n<meta property=\"article:publisher\" content=\"https:\/\/www.facebook.com\/DDFAC\" \/>\n<meta property=\"article:modified_time\" content=\"2021-07-02T14:22:31+00:00\" \/>\n<meta name=\"twitter:card\" content=\"summary_large_image\" \/>\n<meta name=\"twitter:site\" content=\"@DDFAC\" \/>\n<meta name=\"twitter:label1\" content=\"Dur\u00e9e de lecture estim\u00e9e\" \/>\n\t<meta name=\"twitter:data1\" content=\"7 minutes\" \/>\n<script type=\"application\/ld+json\" class=\"yoast-schema-graph\">{\"@context\":\"https:\/\/schema.org\",\"@graph\":[{\"@type\":\"WebPage\",\"@id\":\"https:\/\/www.daviscanada.org\/fr\/les-programmes-davis\/la-maitrise-des-maths-davis\/\",\"url\":\"https:\/\/www.daviscanada.org\/fr\/les-programmes-davis\/la-maitrise-des-maths-davis\/\",\"name\":\"La Ma\u00eetrise des Maths Davi - Davis Dyslexia Canada\",\"isPartOf\":{\"@id\":\"https:\/\/www.daviscanada.org\/#website\"},\"datePublished\":\"2018-03-16T02:40:19+00:00\",\"dateModified\":\"2021-07-02T14:22:31+00:00\",\"breadcrumb\":{\"@id\":\"https:\/\/www.daviscanada.org\/fr\/les-programmes-davis\/la-maitrise-des-maths-davis\/#breadcrumb\"},\"inLanguage\":\"fr-FR\",\"potentialAction\":[{\"@type\":\"ReadAction\",\"target\":[\"https:\/\/www.daviscanada.org\/fr\/les-programmes-davis\/la-maitrise-des-maths-davis\/\"]}]},{\"@type\":\"BreadcrumbList\",\"@id\":\"https:\/\/www.daviscanada.org\/fr\/les-programmes-davis\/la-maitrise-des-maths-davis\/#breadcrumb\",\"itemListElement\":[{\"@type\":\"ListItem\",\"position\":1,\"name\":\"Home\",\"item\":\"https:\/\/www.daviscanada.org\/fr\/homenew\/\"},{\"@type\":\"ListItem\",\"position\":2,\"name\":\"Les Programmes Davis\",\"item\":\"https:\/\/www.daviscanada.org\/fr\/les-programmes-davis\/\"},{\"@type\":\"ListItem\",\"position\":3,\"name\":\"La Ma\u00eetrise des Maths Davi\"}]},{\"@type\":\"WebSite\",\"@id\":\"https:\/\/www.daviscanada.org\/#website\",\"url\":\"https:\/\/www.daviscanada.org\/\",\"name\":\"Davis Dyslexia Canada\",\"description\":\"Dyslexia, ADD, ADHD Learning Disabilities can be corrected\",\"publisher\":{\"@id\":\"https:\/\/www.daviscanada.org\/#organization\"},\"potentialAction\":[{\"@type\":\"SearchAction\",\"target\":{\"@type\":\"EntryPoint\",\"urlTemplate\":\"https:\/\/www.daviscanada.org\/?s={search_term_string}\"},\"query-input\":{\"@type\":\"PropertyValueSpecification\",\"valueRequired\":true,\"valueName\":\"search_term_string\"}}],\"inLanguage\":\"fr-FR\"},{\"@type\":\"Organization\",\"@id\":\"https:\/\/www.daviscanada.org\/#organization\",\"name\":\"Davis Dyslexia and Autism Facilitators' Association of Canada\",\"url\":\"https:\/\/www.daviscanada.org\/\",\"logo\":{\"@type\":\"ImageObject\",\"inLanguage\":\"fr-FR\",\"@id\":\"https:\/\/www.daviscanada.org\/#\/schema\/logo\/image\/\",\"url\":\"https:\/\/www.daviscanada.org\/wp-content\/uploads\/2018\/03\/LogoNew5.png\",\"contentUrl\":\"https:\/\/www.daviscanada.org\/wp-content\/uploads\/2018\/03\/LogoNew5.png\",\"width\":278,\"height\":201,\"caption\":\"Davis Dyslexia and Autism Facilitators' Association of Canada\"},\"image\":{\"@id\":\"https:\/\/www.daviscanada.org\/#\/schema\/logo\/image\/\"},\"sameAs\":[\"https:\/\/www.facebook.com\/DDFAC\",\"https:\/\/x.com\/DDFAC\"]}]}<\/script>\n<!-- \/ Yoast SEO plugin. -->","yoast_head_json":{"title":"La Ma\u00eetrise des Maths Davi - Davis Dyslexia Canada","robots":{"index":"index","follow":"follow","max-snippet":"max-snippet:-1","max-image-preview":"max-image-preview:large","max-video-preview":"max-video-preview:-1"},"canonical":"https:\/\/www.daviscanada.org\/fr\/les-programmes-davis\/la-maitrise-des-maths-davis\/","og_locale":"fr_FR","og_type":"article","og_title":"La Ma\u00eetrise des Maths Davi - Davis Dyslexia Canada","og_description":"La Ma\u00eetrise des Maths Davis La plupart des troubles de l\u2019apprentissage reli\u00e9s aux math\u00e9matiques sont tributaires des modes de pens\u00e9e et de perception dyslexiques et disparaissent une fois la dyslexie corrig\u00e9e. Le programme de Correction de la Dyslexie \u00e9limine les probl\u00e8mes d\u2019erreurs de lecture des chiffres et des symboles de fonctions math\u00e9matiques, ainsi que les [&hellip;]","og_url":"https:\/\/www.daviscanada.org\/fr\/les-programmes-davis\/la-maitrise-des-maths-davis\/","og_site_name":"Davis Dyslexia Canada","article_publisher":"https:\/\/www.facebook.com\/DDFAC","article_modified_time":"2021-07-02T14:22:31+00:00","twitter_card":"summary_large_image","twitter_site":"@DDFAC","twitter_misc":{"Dur\u00e9e de lecture estim\u00e9e":"7 minutes"},"schema":{"@context":"https:\/\/schema.org","@graph":[{"@type":"WebPage","@id":"https:\/\/www.daviscanada.org\/fr\/les-programmes-davis\/la-maitrise-des-maths-davis\/","url":"https:\/\/www.daviscanada.org\/fr\/les-programmes-davis\/la-maitrise-des-maths-davis\/","name":"La Ma\u00eetrise des Maths Davi - Davis Dyslexia Canada","isPartOf":{"@id":"https:\/\/www.daviscanada.org\/#website"},"datePublished":"2018-03-16T02:40:19+00:00","dateModified":"2021-07-02T14:22:31+00:00","breadcrumb":{"@id":"https:\/\/www.daviscanada.org\/fr\/les-programmes-davis\/la-maitrise-des-maths-davis\/#breadcrumb"},"inLanguage":"fr-FR","potentialAction":[{"@type":"ReadAction","target":["https:\/\/www.daviscanada.org\/fr\/les-programmes-davis\/la-maitrise-des-maths-davis\/"]}]},{"@type":"BreadcrumbList","@id":"https:\/\/www.daviscanada.org\/fr\/les-programmes-davis\/la-maitrise-des-maths-davis\/#breadcrumb","itemListElement":[{"@type":"ListItem","position":1,"name":"Home","item":"https:\/\/www.daviscanada.org\/fr\/homenew\/"},{"@type":"ListItem","position":2,"name":"Les Programmes Davis","item":"https:\/\/www.daviscanada.org\/fr\/les-programmes-davis\/"},{"@type":"ListItem","position":3,"name":"La Ma\u00eetrise des Maths Davi"}]},{"@type":"WebSite","@id":"https:\/\/www.daviscanada.org\/#website","url":"https:\/\/www.daviscanada.org\/","name":"Davis Dyslexia Canada","description":"Dyslexia, ADD, ADHD Learning Disabilities can be corrected","publisher":{"@id":"https:\/\/www.daviscanada.org\/#organization"},"potentialAction":[{"@type":"SearchAction","target":{"@type":"EntryPoint","urlTemplate":"https:\/\/www.daviscanada.org\/?s={search_term_string}"},"query-input":{"@type":"PropertyValueSpecification","valueRequired":true,"valueName":"search_term_string"}}],"inLanguage":"fr-FR"},{"@type":"Organization","@id":"https:\/\/www.daviscanada.org\/#organization","name":"Davis Dyslexia and Autism Facilitators' Association of Canada","url":"https:\/\/www.daviscanada.org\/","logo":{"@type":"ImageObject","inLanguage":"fr-FR","@id":"https:\/\/www.daviscanada.org\/#\/schema\/logo\/image\/","url":"https:\/\/www.daviscanada.org\/wp-content\/uploads\/2018\/03\/LogoNew5.png","contentUrl":"https:\/\/www.daviscanada.org\/wp-content\/uploads\/2018\/03\/LogoNew5.png","width":278,"height":201,"caption":"Davis Dyslexia and Autism Facilitators' Association of Canada"},"image":{"@id":"https:\/\/www.daviscanada.org\/#\/schema\/logo\/image\/"},"sameAs":["https:\/\/www.facebook.com\/DDFAC","https:\/\/x.com\/DDFAC"]}]}},"_links":{"self":[{"href":"https:\/\/www.daviscanada.org\/fr\/wp-json\/wp\/v2\/pages\/1038\/"}],"collection":[{"href":"https:\/\/www.daviscanada.org\/fr\/wp-json\/wp\/v2\/pages\/"}],"about":[{"href":"https:\/\/www.daviscanada.org\/fr\/wp-json\/wp\/v2\/types\/page\/"}],"author":[{"embeddable":true,"href":"https:\/\/www.daviscanada.org\/fr\/wp-json\/wp\/v2\/users\/1\/"}],"replies":[{"embeddable":true,"href":"https:\/\/www.daviscanada.org\/fr\/wp-json\/wp\/v2\/comments\/?post=1038"}],"version-history":[{"count":0,"href":"https:\/\/www.daviscanada.org\/fr\/wp-json\/wp\/v2\/pages\/1038\/revisions\/"}],"up":[{"embeddable":true,"href":"https:\/\/www.daviscanada.org\/fr\/wp-json\/wp\/v2\/pages\/982\/"}],"wp:attachment":[{"href":"https:\/\/www.daviscanada.org\/fr\/wp-json\/wp\/v2\/media\/?parent=1038"}],"curies":[{"name":"wp","href":"https:\/\/api.w.org\/{rel}","templated":true}]}}